{"id":13,"date":"2014-05-05T17:38:37","date_gmt":"2014-05-05T16:38:37","guid":{"rendered":"http:\/\/www.lovauto.fr\/?page_id=13"},"modified":"2023-03-08T15:01:50","modified_gmt":"2023-03-08T14:01:50","slug":"nos-vehicules","status":"publish","type":"page","link":"https:\/\/lovauto.fr\/?page_id=13","title":{"rendered":"Nos v\u00e9hicules"},"content":{"rendered":"<div id='full_slider_1'  class='avia-fullwidth-slider main_color avia-shadow   avia-builder-el-0  el_before_av_heading  avia-builder-el-first   container_wrap sidebar_right' style='background-repeat: repeat; background-image: url(http:\/\/www.lovauto.fr\/wp-content\/uploads\/2014\/05\/FOND-slider-1X200.png); background-attachment: scroll; background-position: top left;'  ><div  class='avia-slideshow av-av_slideshow_full-1481bd1d041454df01ca294f44a97315 avia-slideshow-no scaling av_slideshow_full avia-slide-slider av-slideshow-ui av-control-default av-slideshow-manual av-loop-once av-loop-manual-endless av-default-height-applied  image_no_stretch avia-slideshow-1' data-slideshow-options=\"{&quot;animation&quot;:&quot;slide&quot;,&quot;autoplay&quot;:false,&quot;loop_autoplay&quot;:&quot;once&quot;,&quot;interval&quot;:3,&quot;loop_manual&quot;:&quot;manual-endless&quot;,&quot;autoplay_stopper&quot;:false,&quot;noNavigation&quot;:false,&quot;bg_slider&quot;:false,&quot;keep_padding&quot;:false,&quot;hoverpause&quot;:false,&quot;show_slide_delay&quot;:0}\"  itemprop=\"image\" itemscope=\"itemscope\" itemtype=\"https:\/\/schema.org\/ImageObject\" ><ul class='avia-slideshow-inner ' style='padding-bottom: 17.543859649123%;'><li  class='avia-slideshow-slide av-av_slideshow_full-1481bd1d041454df01ca294f44a97315__0  av-single-slide slide-1 slide-odd'><div data-rel='slideshow-1' class='avia-slide-wrap '   ><img fetchpriority=\"high\" class=\"wp-image-1076 avia-img-lazy-loading-not-1076\"  src='https:\/\/lovauto.fr\/wp-content\/uploads\/2014\/05\/slider-vehicule.png' width='1140' height='200' title='slider-vehicule' alt=''  itemprop=\"thumbnailUrl\"   \/><\/div><\/li><\/ul><\/div><\/div><div id='after_full_slider_1'  class='main_color av_default_container_wrap container_wrap sidebar_right'  ><div class='container av-section-cont-open' ><div class='template-page content  av-content-small alpha units'><div class='post-entry post-entry-type-page post-entry-13'><div class='entry-content-wrapper clearfix'>\n\n<style type=\"text\/css\" data-created_by=\"avia_inline_auto\" id=\"style-css-av-av_heading-650a83a513fd5f5bdbfb94297448e0ea\">\n#top .av-special-heading.av-av_heading-650a83a513fd5f5bdbfb94297448e0ea{\npadding-bottom:15px;\n}\nbody .av-special-heading.av-av_heading-650a83a513fd5f5bdbfb94297448e0ea .av-special-heading-tag .heading-char{\nfont-size:25px;\n}\n.av-special-heading.av-av_heading-650a83a513fd5f5bdbfb94297448e0ea .av-subheading{\nfont-size:15px;\n}\n<\/style>\n<div  class='av-special-heading av-av_heading-650a83a513fd5f5bdbfb94297448e0ea av-special-heading-h1  avia-builder-el-1  el_after_av_slideshow_full  el_before_av_one_full  avia-builder-el-first '><h1 class='av-special-heading-tag'  itemprop=\"headline\"  >Location voiture et utilitaire<\/h1><div class=\"special-heading-border\"><div class=\"special-heading-inner-border\"><\/div><\/div><\/div>\n<div  class='flex_column av-av_one_full-2a9015ff38129c418a3f2eafba3e9512 av_one_full  avia-builder-el-2  el_after_av_heading  el_before_av_one_fourth  first flex_column_div  '     ><section  class='av_textblock_section av-av_textblock-0366cc7376be6c9e82a3e9cc8987b64f '   itemscope=\"itemscope\" itemtype=\"https:\/\/schema.org\/CreativeWork\" ><div class='avia_textblock'  itemprop=\"text\" ><h2><span style=\"color: #ff9900;\">Location de voiture<\/span><\/h2>\n<p>LOVAUTO vous propose la location voiture et utilitaire. Tout d&rsquo;abord la location de voiture dans ses 3 agences des Bouches du Rh\u00f4ne : Fos-sur-Mer, Martigues, et Vendargues (pr\u00e8s de Montpellier). Vous aurez le choix entre les v\u00e9hicules de tourisme, les v\u00e9hicules utilitaires, les v\u00e9hicules \u00e9lectriques, les v\u00e9hicules de d\u00e9m\u00e9nagement, et les minibus.<\/p>\n<\/div><\/section><\/div>\n<div  class='flex_column av-av_one_fourth-2a9015ff38129c418a3f2eafba3e9512 av_one_fourth  avia-builder-el-4  el_after_av_one_full  el_before_av_one_fourth  first flex_column_div  column-top-margin'     ><p>\n<style type=\"text\/css\" data-created_by=\"avia_inline_auto\" id=\"style-css-av-av_image-3ef2dbf72f15e5f1ccce3e217d703eff\">\n.avia-image-container.av-av_image-3ef2dbf72f15e5f1ccce3e217d703eff img.avia_image{\nbox-shadow:none;\n}\n.avia-image-container.av-av_image-3ef2dbf72f15e5f1ccce3e217d703eff .av-image-caption-overlay-center{\ncolor:#ffffff;\n}\n<\/style>\n<div  class='avia-image-container av-av_image-3ef2dbf72f15e5f1ccce3e217d703eff av-styling- avia-align-center  avia-builder-el-5  el_before_av_button  avia-builder-el-first '   itemprop=\"image\" itemscope=\"itemscope\" itemtype=\"https:\/\/schema.org\/ImageObject\" ><div class=\"avia-image-container-inner\"><div class=\"avia-image-overlay-wrap\"><img fetchpriority=\"high\" class='wp-image-3362 avia-img-lazy-loading-not-3362 avia_image ' src='https:\/\/lovauto.fr\/wp-content\/uploads\/2014\/05\/cli02017-200x150.png' alt='' title='Renault Clio 2017'  height=\"150\" width=\"200\"  itemprop=\"thumbnailUrl\"  \/><\/div><\/div><\/div><br \/>\n<div  class='avia-button-wrap av-av_button-ef1b3dee8e8b3008dbea61d821e4c216-wrap avia-button-center  avia-builder-el-6  el_after_av_image  avia-builder-el-last '><a href='https:\/\/lovauto.fr\/?page_id=30'  class='avia-button av-av_button-ef1b3dee8e8b3008dbea61d821e4c216 av-link-btn avia-icon_select-no avia-size-small avia-position-center avia-color-theme-color'  ><span class='avia_iconbox_title' >D\u00e9couvrez nos v\u00e9hicules de tourisme<\/span><\/a><\/div><\/p><\/div>\n<style type=\"text\/css\" data-created_by=\"avia_inline_auto\" id=\"style-css-av-av_one_fourth-2a64de42b738552fe666ca889af77e28\">\n.flex_column.av-av_one_fourth-2a64de42b738552fe666ca889af77e28{\nborder-radius:0px 0px 0px 0px;\npadding:0px 0px 0px 0px;\n}\n<\/style>\n<div  class='flex_column av-av_one_fourth-2a64de42b738552fe666ca889af77e28 av_one_fourth  avia-builder-el-7  el_after_av_one_fourth  el_before_av_one_fourth  flex_column_div av-zero-column-padding  column-top-margin'     ><p>\n<style type=\"text\/css\" data-created_by=\"avia_inline_auto\" id=\"style-css-av-av_image-d9e9f274c645cb2c86d0fe85d9b5e3f9\">\n.avia-image-container.av-av_image-d9e9f274c645cb2c86d0fe85d9b5e3f9 img.avia_image{\nbox-shadow:none;\n}\n.avia-image-container.av-av_image-d9e9f274c645cb2c86d0fe85d9b5e3f9 .av-image-caption-overlay-center{\ncolor:#ffffff;\n}\n<\/style>\n<div  class='avia-image-container av-av_image-d9e9f274c645cb2c86d0fe85d9b5e3f9 av-styling- avia-align-center  avia-builder-el-8  el_before_av_button  avia-builder-el-first '   itemprop=\"image\" itemscope=\"itemscope\" itemtype=\"https:\/\/schema.org\/ImageObject\" ><div class=\"avia-image-container-inner\"><div class=\"avia-image-overlay-wrap\"><img fetchpriority=\"high\" class='wp-image-3377 avia-img-lazy-loading-not-3377 avia_image ' src='https:\/\/lovauto.fr\/wp-content\/uploads\/2014\/05\/DUSTER-200x150.png' alt='' title='DUSTER-200x150'  height=\"150\" width=\"200\"  itemprop=\"thumbnailUrl\"  \/><\/div><\/div><\/div><br \/>\n<div  class='avia-button-wrap av-av_button-ec6dab0bd5b39d2d1bc35658f6963932-wrap avia-button-center  avia-builder-el-9  el_after_av_image  avia-builder-el-last '><a href='https:\/\/lovauto.fr\/?page_id=3379'  class='avia-button av-av_button-ec6dab0bd5b39d2d1bc35658f6963932 av-link-btn avia-icon_select-no avia-size-small avia-position-center avia-color-theme-color'  ><span class='avia_iconbox_title' >D\u00e9couvrez nos v\u00e9hicules 4X4<\/span><\/a><\/div><\/p><\/div><\/p>\n\n<style type=\"text\/css\" data-created_by=\"avia_inline_auto\" id=\"style-css-av-av_one_fourth-2a64de42b738552fe666ca889af77e28\">\n.flex_column.av-av_one_fourth-2a64de42b738552fe666ca889af77e28{\nborder-radius:0px 0px 0px 0px;\npadding:0px 0px 0px 0px;\n}\n<\/style>\n<div  class='flex_column av-av_one_fourth-2a64de42b738552fe666ca889af77e28 av_one_fourth  avia-builder-el-10  el_after_av_one_fourth  avia-builder-el-last  flex_column_div av-zero-column-padding  column-top-margin'     ><p>\n<style type=\"text\/css\" data-created_by=\"avia_inline_auto\" id=\"style-css-av-av_image-7cb17fc5c3e358f4c7b318fbe2ebd5da\">\n.avia-image-container.av-av_image-7cb17fc5c3e358f4c7b318fbe2ebd5da img.avia_image{\nbox-shadow:none;\n}\n.avia-image-container.av-av_image-7cb17fc5c3e358f4c7b318fbe2ebd5da .av-image-caption-overlay-center{\ncolor:#ffffff;\n}\n<\/style>\n<div  class='avia-image-container av-av_image-7cb17fc5c3e358f4c7b318fbe2ebd5da av-styling- avia-align-center  avia-builder-el-11  el_before_av_one_fourth  avia-builder-el-first '   itemprop=\"image\" itemscope=\"itemscope\" itemtype=\"https:\/\/schema.org\/ImageObject\" ><div class=\"avia-image-container-inner\"><div class=\"avia-image-overlay-wrap\"><img fetchpriority=\"high\" class='wp-image-110 avia-img-lazy-loading-not-110 avia_image ' src='http:\/\/www.lovauto.fr\/wp-content\/uploads\/2014\/05\/zoe-200x150px.png' alt='' title='Renault ZOE'   itemprop=\"thumbnailUrl\"  \/><\/div><\/div><\/div><br \/>\n<div  class='avia-button-wrap av-av_button-f99ff96b9d58a5d56cdcea0814cf9c80-wrap avia-button-center  avia-builder-el-12  avia-builder-el-no-sibling '><a href='https:\/\/lovauto.fr\/?page_id=33'  class='avia-button av-av_button-f99ff96b9d58a5d56cdcea0814cf9c80 av-link-btn avia-icon_select-no avia-size-small avia-position-center avia-color-theme-color'  ><span class='avia_iconbox_title' >D\u00e9couvrez nos v\u00e9hicules \u00e9lectriques<\/span><\/a><\/div><\/p><\/div>\n<style type=\"text\/css\" data-created_by=\"avia_inline_auto\" id=\"style-css-av-av_one_fourth-2a64de42b738552fe666ca889af77e28\">\n.flex_column.av-av_one_fourth-2a64de42b738552fe666ca889af77e28{\nborder-radius:0px 0px 0px 0px;\npadding:0px 0px 0px 0px;\n}\n<\/style>\n<div  class='flex_column av-av_one_fourth-2a64de42b738552fe666ca889af77e28 av_one_fourth  avia-builder-el-13  el_after_av_image  el_before_av_hr  flex_column_div av-zero-column-padding  column-top-margin'     ><p>\n<style type=\"text\/css\" data-created_by=\"avia_inline_auto\" id=\"style-css-av-av_image-adf73b88981d3894442036a6890ffa32\">\n.avia-image-container.av-av_image-adf73b88981d3894442036a6890ffa32 img.avia_image{\nbox-shadow:none;\n}\n.avia-image-container.av-av_image-adf73b88981d3894442036a6890ffa32 .av-image-caption-overlay-center{\ncolor:#ffffff;\n}\n<\/style>\n<div  class='avia-image-container av-av_image-adf73b88981d3894442036a6890ffa32 av-styling- avia-align-center  avia-builder-el-14  el_before_av_button  avia-builder-el-first '   itemprop=\"image\" itemscope=\"itemscope\" itemtype=\"https:\/\/schema.org\/ImageObject\" ><div class=\"avia-image-container-inner\"><div class=\"avia-image-overlay-wrap\"><img fetchpriority=\"high\" class='wp-image-3365 avia-img-lazy-loading-not-3365 avia_image ' src='https:\/\/lovauto.fr\/wp-content\/uploads\/2014\/05\/minibus-trafic-200x150.png' alt='' title='minibus-trafic-200x150'  height=\"150\" width=\"200\"  itemprop=\"thumbnailUrl\"  \/><\/div><\/div><\/div><br \/>\n<div  class='avia-button-wrap av-av_button-52b6d3775693f71ae308c594c968eca3-wrap avia-button-center  avia-builder-el-15  el_after_av_image  avia-builder-el-last '><a href='https:\/\/lovauto.fr\/?page_id=70'  class='avia-button av-av_button-52b6d3775693f71ae308c594c968eca3 av-link-btn avia-icon_select-no avia-size-small avia-position-center avia-color-theme-color'  ><span class='avia_iconbox_title' >D\u00e9couvrez nos v\u00e9hicules minibus<\/span><\/a><\/div><\/p><\/div>\n<style type=\"text\/css\" data-created_by=\"avia_inline_auto\" id=\"style-css-av-av_hr-37db7774972b8d591729063a7f1a425c\">\n#top .hr.hr-invisible.av-av_hr-37db7774972b8d591729063a7f1a425c{\nheight:50px;\n}\n<\/style>\n<div  class='hr av-av_hr-37db7774972b8d591729063a7f1a425c hr-invisible  avia-builder-el-16  el_after_av_one_fourth  el_before_av_textblock '><span class='hr-inner '><span class=\"hr-inner-style\"><\/span><\/span><\/div><\/p>\n<section  class='av_textblock_section av-av_textblock-0366cc7376be6c9e82a3e9cc8987b64f '   itemscope=\"itemscope\" itemtype=\"https:\/\/schema.org\/CreativeWork\" ><div class='avia_textblock'  itemprop=\"text\" ><h2><span style=\"color: #ff9900;\">Location utilitaire<\/span><\/h2>\n<p>LOVAUTO met \u00e9galement \u00e0 votre service la location utilitaire dans ses 3 agences.<br \/>\nVous aurez le choix parmi nos fourgons de 3m<sup>3<\/sup> \u00e0 20m<sup>3<\/sup>, camion-benne, camions de d\u00e9m\u00e9nagement, v\u00e9hicules de soci\u00e9t\u00e9 , v\u00e9hicules \u00e9lectriques, le tout \u00e0 la location courte et moyenne dur\u00e9e etc.<\/p>\n<\/div><\/section>\n<div  class='flex_column av-av_one_third-2a9015ff38129c418a3f2eafba3e9512 av_one_third  avia-builder-el-18  el_after_av_textblock  avia-builder-el-last  first flex_column_div  column-top-margin'     ><p>\n<style type=\"text\/css\" data-created_by=\"avia_inline_auto\" id=\"style-css-av-av_image-e0708bfa5e1e3cc512ca1219dc99b999\">\n.avia-image-container.av-av_image-e0708bfa5e1e3cc512ca1219dc99b999 img.avia_image{\nbox-shadow:none;\n}\n.avia-image-container.av-av_image-e0708bfa5e1e3cc512ca1219dc99b999 .av-image-caption-overlay-center{\ncolor:#ffffff;\n}\n<\/style>\n<div  class='avia-image-container av-av_image-e0708bfa5e1e3cc512ca1219dc99b999 av-styling- avia-align-center  avia-builder-el-19  el_before_av_one_third  avia-builder-el-first '   itemprop=\"image\" itemscope=\"itemscope\" itemtype=\"https:\/\/schema.org\/ImageObject\" ><div class=\"avia-image-container-inner\"><div class=\"avia-image-overlay-wrap\"><img fetchpriority=\"high\" class='wp-image-583 avia-img-lazy-loading-not-583 avia_image ' src='http:\/\/www.lovauto.fr\/wp-content\/uploads\/2014\/05\/utilitaires-260x1501.png' alt='' title=''   itemprop=\"thumbnailUrl\"  \/><\/div><\/div><\/div><br \/>\n<div  class='avia-button-wrap av-av_button-51b87d84440c54393a6e7ad7a4818649-wrap avia-button-center  avia-builder-el-20  avia-builder-el-no-sibling '><a href='https:\/\/lovauto.fr\/?page_id=35'  class='avia-button av-av_button-51b87d84440c54393a6e7ad7a4818649 av-link-btn avia-icon_select-no avia-size-small avia-position-center avia-color-theme-color'  ><span class='avia_iconbox_title' >D\u00e9couvrez nos v\u00e9hicules d\u00e9m\u00e9nagements<\/span><\/a><\/div><\/p><\/div>\n<style type=\"text\/css\" data-created_by=\"avia_inline_auto\" id=\"style-css-av-av_one_third-2a64de42b738552fe666ca889af77e28\">\n.flex_column.av-av_one_third-2a64de42b738552fe666ca889af77e28{\nborder-radius:0px 0px 0px 0px;\npadding:0px 0px 0px 0px;\n}\n<\/style>\n<div  class='flex_column av-av_one_third-2a64de42b738552fe666ca889af77e28 av_one_third  avia-builder-el-21  el_after_av_image  avia-builder-el-last  flex_column_div av-zero-column-padding  column-top-margin'     ><p>\n<style type=\"text\/css\" data-created_by=\"avia_inline_auto\" id=\"style-css-av-av_image-d1dd66db898067413eba39c1bd32e96a\">\n.avia-image-container.av-av_image-d1dd66db898067413eba39c1bd32e96a img.avia_image{\nbox-shadow:none;\n}\n.avia-image-container.av-av_image-d1dd66db898067413eba39c1bd32e96a .av-image-caption-overlay-center{\ncolor:#ffffff;\n}\n<\/style>\n<div  class='avia-image-container av-av_image-d1dd66db898067413eba39c1bd32e96a av-styling- avia-align-center  avia-builder-el-22  el_before_av_button  avia-builder-el-first '   itemprop=\"image\" itemscope=\"itemscope\" itemtype=\"https:\/\/schema.org\/ImageObject\" ><div class=\"avia-image-container-inner\"><div class=\"avia-image-overlay-wrap\"><img fetchpriority=\"high\" class='wp-image-1073 avia-img-lazy-loading-not-1073 avia_image ' src='https:\/\/lovauto.fr\/wp-content\/uploads\/2014\/05\/Mercedes-sprinter-Benne-2.png' alt='' title='Mercedes-sprinter-Benne-2'  height=\"150\" width=\"200\"  itemprop=\"thumbnailUrl\"  \/><\/div><\/div><\/div><br \/>\n<div  class='avia-button-wrap av-av_button-06c19aa8374d9297539c27c4448c180b-wrap avia-button-center  avia-builder-el-23  el_after_av_image  avia-builder-el-last '><a href='https:\/\/lovauto.fr\/?page_id=31'  class='avia-button av-av_button-06c19aa8374d9297539c27c4448c180b av-link-btn avia-icon_select-no avia-size-small avia-position-center avia-color-theme-color'  ><span class='avia_iconbox_title' >D\u00e9couvrez nos v\u00e9hicules utilitaires<\/span><\/a><\/div><\/p><\/div><\/p>\n","protected":false},"excerpt":{"rendered":"","protected":false},"author":2,"featured_media":0,"parent":0,"menu_order":0,"comment_status":"open","ping_status":"open","template":"","meta":{"footnotes":""},"class_list":["post-13","page","type-page","status-publish","hentry"],"yoast_head":"<!-- This site is optimized with the Yoast SEO plugin v27.3 - https:\/\/yoast.com\/product\/yoast-seo-wordpress\/ -->\n<title>Location voiture et utilitaire<\/title>\n<meta name=\"description\" content=\"Location voiture et utilitaire avec Lovauto - Des offres toute l&#039;ann\u00e9e et une livraison partout en France ! R\u00e9servez ici !\" \/>\n<meta name=\"robots\" content=\"index, follow, max-snippet:-1, max-image-preview:large, max-video-preview:-1\" \/>\n<link rel=\"canonical\" href=\"https:\/\/lovauto.fr\/?page_id=13\" \/>\n<meta property=\"og:locale\" content=\"fr_FR\" \/>\n<meta property=\"og:type\" content=\"article\" \/>\n<meta property=\"og:title\" content=\"Location voiture et utilitaire\" \/>\n<meta property=\"og:description\" content=\"Location voiture et utilitaire avec Lovauto - Des offres toute l&#039;ann\u00e9e et une livraison partout en France ! R\u00e9servez ici !\" \/>\n<meta property=\"og:url\" content=\"https:\/\/lovauto.fr\/?page_id=13\" \/>\n<meta property=\"og:site_name\" content=\"lovauto\" \/>\n<meta property=\"article:modified_time\" content=\"2023-03-08T14:01:50+00:00\" \/>\n<meta name=\"twitter:label1\" content=\"Dur\u00e9e de lecture estim\u00e9e\" \/>\n\t<meta name=\"twitter:data1\" content=\"5 minutes\" \/>\n<script type=\"application\/ld+json\" class=\"yoast-schema-graph\">{\"@context\":\"https:\\\/\\\/schema.org\",\"@graph\":[{\"@type\":\"WebPage\",\"@id\":\"https:\\\/\\\/lovauto.fr\\\/?page_id=13\",\"url\":\"https:\\\/\\\/lovauto.fr\\\/?page_id=13\",\"name\":\"Location voiture et utilitaire\",\"isPartOf\":{\"@id\":\"https:\\\/\\\/lovauto.fr\\\/#website\"},\"datePublished\":\"2014-05-05T16:38:37+00:00\",\"dateModified\":\"2023-03-08T14:01:50+00:00\",\"description\":\"Location voiture et utilitaire avec Lovauto - Des offres toute l'ann\u00e9e et une livraison partout en France ! R\u00e9servez ici !\",\"breadcrumb\":{\"@id\":\"https:\\\/\\\/lovauto.fr\\\/?page_id=13#breadcrumb\"},\"inLanguage\":\"fr-FR\",\"potentialAction\":[{\"@type\":\"ReadAction\",\"target\":[\"https:\\\/\\\/lovauto.fr\\\/?page_id=13\"]}]},{\"@type\":\"BreadcrumbList\",\"@id\":\"https:\\\/\\\/lovauto.fr\\\/?page_id=13#breadcrumb\",\"itemListElement\":[{\"@type\":\"ListItem\",\"position\":1,\"name\":\"Accueil\",\"item\":\"https:\\\/\\\/lovauto.fr\\\/\"},{\"@type\":\"ListItem\",\"position\":2,\"name\":\"Nos v\u00e9hicules\"}]},{\"@type\":\"WebSite\",\"@id\":\"https:\\\/\\\/lovauto.fr\\\/#website\",\"url\":\"https:\\\/\\\/lovauto.fr\\\/\",\"name\":\"lovauto\",\"description\":\"Location de v\u00e9hicules\",\"potentialAction\":[{\"@type\":\"SearchAction\",\"target\":{\"@type\":\"EntryPoint\",\"urlTemplate\":\"https:\\\/\\\/lovauto.fr\\\/?s={search_term_string}\"},\"query-input\":{\"@type\":\"PropertyValueSpecification\",\"valueRequired\":true,\"valueName\":\"search_term_string\"}}],\"inLanguage\":\"fr-FR\"}]}<\/script>\n<!-- \/ Yoast SEO plugin. -->","yoast_head_json":{"title":"Location voiture et utilitaire","description":"Location voiture et utilitaire avec Lovauto - Des offres toute l'ann\u00e9e et une livraison partout en France ! R\u00e9servez ici !","robots":{"index":"index","follow":"follow","max-snippet":"max-snippet:-1","max-image-preview":"max-image-preview:large","max-video-preview":"max-video-preview:-1"},"canonical":"https:\/\/lovauto.fr\/?page_id=13","og_locale":"fr_FR","og_type":"article","og_title":"Location voiture et utilitaire","og_description":"Location voiture et utilitaire avec Lovauto - Des offres toute l'ann\u00e9e et une livraison partout en France ! R\u00e9servez ici !","og_url":"https:\/\/lovauto.fr\/?page_id=13","og_site_name":"lovauto","article_modified_time":"2023-03-08T14:01:50+00:00","twitter_misc":{"Dur\u00e9e de lecture estim\u00e9e":"5 minutes"},"schema":{"@context":"https:\/\/schema.org","@graph":[{"@type":"WebPage","@id":"https:\/\/lovauto.fr\/?page_id=13","url":"https:\/\/lovauto.fr\/?page_id=13","name":"Location voiture et utilitaire","isPartOf":{"@id":"https:\/\/lovauto.fr\/#website"},"datePublished":"2014-05-05T16:38:37+00:00","dateModified":"2023-03-08T14:01:50+00:00","description":"Location voiture et utilitaire avec Lovauto - Des offres toute l'ann\u00e9e et une livraison partout en France ! R\u00e9servez ici !","breadcrumb":{"@id":"https:\/\/lovauto.fr\/?page_id=13#breadcrumb"},"inLanguage":"fr-FR","potentialAction":[{"@type":"ReadAction","target":["https:\/\/lovauto.fr\/?page_id=13"]}]},{"@type":"BreadcrumbList","@id":"https:\/\/lovauto.fr\/?page_id=13#breadcrumb","itemListElement":[{"@type":"ListItem","position":1,"name":"Accueil","item":"https:\/\/lovauto.fr\/"},{"@type":"ListItem","position":2,"name":"Nos v\u00e9hicules"}]},{"@type":"WebSite","@id":"https:\/\/lovauto.fr\/#website","url":"https:\/\/lovauto.fr\/","name":"lovauto","description":"Location de v\u00e9hicules","potentialAction":[{"@type":"SearchAction","target":{"@type":"EntryPoint","urlTemplate":"https:\/\/lovauto.fr\/?s={search_term_string}"},"query-input":{"@type":"PropertyValueSpecification","valueRequired":true,"valueName":"search_term_string"}}],"inLanguage":"fr-FR"}]}},"_links":{"self":[{"href":"https:\/\/lovauto.fr\/index.php?rest_route=\/wp\/v2\/pages\/13","targetHints":{"allow":["GET"]}}],"collection":[{"href":"https:\/\/lovauto.fr\/index.php?rest_route=\/wp\/v2\/pages"}],"about":[{"href":"https:\/\/lovauto.fr\/index.php?rest_route=\/wp\/v2\/types\/page"}],"author":[{"embeddable":true,"href":"https:\/\/lovauto.fr\/index.php?rest_route=\/wp\/v2\/users\/2"}],"replies":[{"embeddable":true,"href":"https:\/\/lovauto.fr\/index.php?rest_route=%2Fwp%2Fv2%2Fcomments&post=13"}],"version-history":[{"count":111,"href":"https:\/\/lovauto.fr\/index.php?rest_route=\/wp\/v2\/pages\/13\/revisions"}],"predecessor-version":[{"id":3508,"href":"https:\/\/lovauto.fr\/index.php?rest_route=\/wp\/v2\/pages\/13\/revisions\/3508"}],"wp:attachment":[{"href":"https:\/\/lovauto.fr\/index.php?rest_route=%2Fwp%2Fv2%2Fmedia&parent=13"}],"curies":[{"name":"wp","href":"https:\/\/api.w.org\/{rel}","templated":true}]}}