{"id":153,"date":"2014-05-07T10:13:52","date_gmt":"2014-05-07T09:13:52","guid":{"rendered":"http:\/\/www.lovauto.fr\/?page_id=153"},"modified":"2014-05-22T10:53:35","modified_gmt":"2014-05-22T09:53:35","slug":"temoignages","status":"publish","type":"page","link":"https:\/\/lovauto.fr\/?page_id=153","title":{"rendered":"T\u00e9moignages"},"content":{"rendered":"<div id='full_slider_1'  class='avia-fullwidth-slider main_color avia-shadow   avia-builder-el-0  el_before_av_heading  avia-builder-el-first   container_wrap sidebar_right'  ><div  class='avia-slideshow av-av_slideshow_full-b1540f231e1448ef5bc61cc764d9fe80 avia-slideshow-no scaling av_slideshow_full avia-slide-slider av-slideshow-ui av-control-default av-slideshow-manual av-loop-once av-loop-manual-endless av-default-height-applied   avia-slideshow-1' data-slideshow-options=\"{&quot;animation&quot;:&quot;slide&quot;,&quot;autoplay&quot;:false,&quot;loop_autoplay&quot;:&quot;once&quot;,&quot;interval&quot;:5,&quot;loop_manual&quot;:&quot;manual-endless&quot;,&quot;autoplay_stopper&quot;:false,&quot;noNavigation&quot;:false,&quot;bg_slider&quot;:false,&quot;keep_padding&quot;:false,&quot;hoverpause&quot;:false,&quot;show_slide_delay&quot;:0}\"  itemprop=\"image\" itemscope=\"itemscope\" itemtype=\"https:\/\/schema.org\/ImageObject\" ><ul class='avia-slideshow-inner ' style='padding-bottom: 14.563106796117%;'><li  class='avia-slideshow-slide av-av_slideshow_full-b1540f231e1448ef5bc61cc764d9fe80__0  av-single-slide slide-1 slide-odd'><div data-rel='slideshow-1' class='avia-slide-wrap '   ><img fetchpriority=\"high\" class=\"wp-image-281 avia-img-lazy-loading-not-281\"  src='https:\/\/lovauto.fr\/wp-content\/uploads\/2014\/05\/IMG-PAGE-temoignage-1030x150.png' width='1030' height='150' title='IMG-PAGE-temoignage-1030x150' alt=''  itemprop=\"thumbnailUrl\"   \/><\/div><\/li><\/ul><\/div><\/div><div id='after_full_slider_1'  class='main_color av_default_container_wrap container_wrap sidebar_right'  ><div class='container av-section-cont-open' ><div class='template-page content  av-content-small alpha units'><div class='post-entry post-entry-type-page post-entry-153'><div class='entry-content-wrapper clearfix'>\n\n<style type=\"text\/css\" data-created_by=\"avia_inline_auto\" id=\"style-css-av-av_heading-02c97b170bec3e06cf230dac58acc57c\">\n#top .av-special-heading.av-av_heading-02c97b170bec3e06cf230dac58acc57c{\npadding-bottom:10px;\n}\nbody .av-special-heading.av-av_heading-02c97b170bec3e06cf230dac58acc57c .av-special-heading-tag .heading-char{\nfont-size:25px;\n}\n.av-special-heading.av-av_heading-02c97b170bec3e06cf230dac58acc57c .av-subheading{\nfont-size:15px;\n}\n<\/style>\n<div  class='av-special-heading av-av_heading-02c97b170bec3e06cf230dac58acc57c av-special-heading-h5  avia-builder-el-1  el_after_av_slideshow_full  el_before_av_testimonials  avia-builder-el-first '><h5 class='av-special-heading-tag'  itemprop=\"headline\"  >TEMOIGNAGNE CLIENT PROFESSIONNEL <\/h5><div class=\"special-heading-border\"><div class=\"special-heading-inner-border\"><\/div><\/div><\/div>\n<div  class='avia-testimonial-wrapper av-av_testimonials-78566fe937716a4ae31da1b51dada40a avia-grid-testimonials avia-grid-2-testimonials avia_animate_when_almost_visible' >\n<section class=\"avia-testimonial-row\"><div class='avia-testimonial av-av_testimonial_single-7eb0b0cd08b6653814160e3f656a14cf avia-testimonial-row-1 avia-first-testimonial flex_column no_margin av_one_half'><div class='avia-testimonial_inner'  itemscope=\"itemscope\" itemtype=\"https:\/\/schema.org\/CreativeWork\" ><div class='avia-testimonial-content '><div class='avia-testimonial-markup-entry-content'  itemprop=\"text\" ><p><em><span style=\"color: #ffffff;\">CAS N\u00b01\u00a0<\/span><br \/>\n<span style=\"color: #ff6600;\"><span style=\"color: #ffffff;\">Secteur d\u2019activit\u00e9 &gt;<\/span> <span style=\"color: #ff9900;\">Industrie\u00a0P\u00e9trochimique PACA<\/span><\/span><\/em><\/p>\n<p><em>\u00ab\u00a0Je travaille dans une raffinerie p\u00e9trochimique et dans le cadre de nos activit\u00e9s nous sommes amen\u00e9s \u00e0 louer des v\u00e9hicules utilitaires pour une dur\u00e9e de 3 \u00e0 6 mois en moyenne. <\/em><\/p>\n<p><em>Nous avons donc recours \u00e0 Lovauto car ils proposent la location au mois \u00e0 moyenne dur\u00e9e. De plus, les v\u00e9hicules utilitaires propos\u00e9s sont parfaitement adapt\u00e9s aux sp\u00e9cificit\u00e9s de notre domaine d\u2019activit\u00e9\u00a0: comme le syst\u00e8me anti-feux des engins.\u00a0\u00bb<\/em><\/p>\n<\/div><\/div><div class=\"avia-testimonial-meta\"><div class=\"avia-testimonial-arrow-wrap\"><div class=\"avia-arrow\"><\/div><\/div><div class='avia-testimonial-meta-mini'  itemprop=\"author\" itemscope=\"itemscope\" itemtype=\"https:\/\/schema.org\/Person\" ><strong  class='avia-testimonial-name'  itemprop=\"name\" >Paul G.<\/strong><span  class='avia-testimonial-subtitle '  itemprop=\"jobTitle\" >Contrema\u00eetre Responsable Flotte Automobile.<\/span><\/div><\/div><\/div><\/div>\n<div class='avia-testimonial av-av_testimonial_single-881dd2553cd20a7e2fd7165a807942ff avia-testimonial-row-1 avia-last-testimonial flex_column no_margin av_one_half'><div class='avia-testimonial_inner'  itemscope=\"itemscope\" itemtype=\"https:\/\/schema.org\/CreativeWork\" ><div class='avia-testimonial-content '><div class='avia-testimonial-markup-entry-content'  itemprop=\"text\" ><p><em><span style=\"color: #ffffff;\">CAS N\u00b02<\/span><br \/>\n<span style=\"color: #ffffff;\">Secteur d\u2019activit\u00e9 &gt;<\/span> <span style=\"color: #ff9900;\">Entreprise de Travaux Publics H\u00c9RAULT<\/span><\/em><\/p>\n<p><em>\u00ab\u00a0Le gros avantage de Lovauto par rapport \u00e0 nos m\u00e9tiers, c\u2019est la location \u00e0 moyenne dur\u00e9e. Nous avons constamment besoin de v\u00e9hicules sur une p\u00e9riode de 1 \u00e0 3 mois, que ce soit des camions-bennes Mercedes Sprinter ou des utilitaires 20m3. L\u2019offre de service de Lovauto est donc parfaite pour nous. En plus, ils nous livrent partout en France dans l\u2019ensemble de nos filiales et viennent r\u00e9cup\u00e9rer les v\u00e9hicules \u00e0 remplacer\u00a0! Et tout est compris dans le tarif\u00a0: la r\u00e9vision, l\u2019assurance, le remplacement, etc.<br \/>\nLovauto est un partenaire efficace qui nous donne de la souplesse et de la r\u00e9activit\u00e9 sur notre c\u0153ur de m\u00e9tier.\u00a0\u00bb<\/em><\/p>\n<\/div><\/div><div class=\"avia-testimonial-meta\"><div class=\"avia-testimonial-arrow-wrap\"><div class=\"avia-arrow\"><\/div><\/div><div class='avia-testimonial-meta-mini'  itemprop=\"author\" itemscope=\"itemscope\" itemtype=\"https:\/\/schema.org\/Person\" ><strong  class='avia-testimonial-name'  itemprop=\"name\" >Serge H.<\/strong><span  class='avia-testimonial-subtitle '  itemprop=\"jobTitle\" >G\u00e9rant Entreprise de Travaux Publics H\u00c9RAULT<\/span><\/div><\/div><\/div><\/div><\/section>\n<section class=\"avia-testimonial-row\"><div class='avia-testimonial av-av_testimonial_single-af9c55f395e9525b10113c9ea01259ff avia-testimonial-row-2 avia-first-testimonial flex_column no_margin av_one_half'><div class='avia-testimonial_inner'  itemscope=\"itemscope\" itemtype=\"https:\/\/schema.org\/CreativeWork\" ><div class='avia-testimonial-content '><div class='avia-testimonial-markup-entry-content'  itemprop=\"text\" ><p><em><span style=\"color: #ffffff;\">CAS N\u00b03<\/span><br \/>\nSecteur d\u2019activit\u00e9 &gt; <span style=\"color: #ff9900;\">Commerce d\u2019assurance pour particulier<\/span><\/em><\/p>\n<p><em>\u00ab\u00a0\u00c9tant donn\u00e9 l\u2019importante fluctuation de nos commerciaux, nous avons besoin de v\u00e9hicules sur des p\u00e9riodes courtes de 3 \u00e0 6 mois. Et la grande souplesse de service de Lovauto est de nous permettre de louer des v\u00e9hicules de soci\u00e9t\u00e9 en moyenne dur\u00e9e\u00a0! Les voitures sont m\u00eames livr\u00e9es chez nos commerciaux partout en France\u00a0! Nous avons toujours acc\u00e8s aux derniers mod\u00e8les de Renault M\u00e9gane, en mode renouvelable, c\u2019est id\u00e9al. <\/em><\/p>\n<p><em>Tous les v\u00e9hicules sont bien \u00e9videmment entretenus, assur\u00e9s et nous avons m\u00eame un v\u00e9hicule de remplacement en cas d\u2019incident. Lovauto nous offre un service de location sur mesure.\u00a0\u00bb<\/em><\/p>\n<\/div><\/div><div class=\"avia-testimonial-meta\"><div class=\"avia-testimonial-arrow-wrap\"><div class=\"avia-arrow\"><\/div><\/div><div class='avia-testimonial-meta-mini'  itemprop=\"author\" itemscope=\"itemscope\" itemtype=\"https:\/\/schema.org\/Person\" ><strong  class='avia-testimonial-name'  itemprop=\"name\" >Suzanne T.<\/strong><span  class='avia-testimonial-subtitle '  itemprop=\"jobTitle\" >Responsable Commercial. <\/span><\/div><\/div><\/div><\/div>\n<div class='avia-testimonial av-av_testimonial_single-0b35a357e7a502a07406310af07bc6f0 avia-testimonial-row-2 avia-last-testimonial flex_column no_margin av_one_half'><div class='avia-testimonial_inner'  itemscope=\"itemscope\" itemtype=\"https:\/\/schema.org\/CreativeWork\" ><div class='avia-testimonial-content '><div class='avia-testimonial-markup-entry-content'  itemprop=\"text\" ><p><em><span style=\"color: #ffffff;\">CAS N\u00b04<\/span><br \/>\nSecteur d\u2019activit\u00e9 &gt; <span style=\"color: #ff9900;\">Commerce de syst\u00e8me informatique d\u2019encaissement pour la restauration.<\/span><\/em><\/p>\n<p><em>\u00ab\u00a0Notre entreprise assure la vente et la maintenance de syst\u00e8mes d\u2019encaissement chez nos clients restaurateurs. Nous avons 10 techniciens sur le secteur Grand Sud de la France qui utilisent des utilitaires de type Kangoo que nous louons chez Lovauto. Et pour ceux qui ne parcourent qu\u2019entre 100 et 150kms par jour (secteur Marseille et Montpellier), nous avons eu recours \u00e0 la location de v\u00e9hicules \u00e9lectriques, et tout fonctionne \u00e0 merveille\u00a0! Nos techniciens marseillais et montpelli\u00e9rains roulent d\u00e9sormais en Kangoo ZE, ce qui g\u00e9n\u00e8re une \u00e9conomie de co\u00fbt pour l\u2019entreprise en carburant consid\u00e9rable\u00a0! Et cela permet de participer \u00e0 la pr\u00e9servation de l\u2019environnement, et de mieux g\u00e9rer les d\u00e9penses sur les trajets. Essai tr\u00e8s concluant\u00a0! <\/em><\/p>\n<p><em>Par ailleurs, pendant la p\u00e9riode estivale, nous faisons appel \u00e0 des techniciens suppl\u00e9mentaires de par l\u2019augmentation de l\u2019activit\u00e9 de nos clients. La possibilit\u00e9 de louer des v\u00e9hicules au mois est pour nous tr\u00e8s rentable et int\u00e9ressante. Nous avons toujours des v\u00e9hicules neufs et parfaitement entretenus. <\/em><\/p>\n<p><em>Le service de location de v\u00e9hicule sur mesure propos\u00e9 par Lovauto correspond r\u00e9ellement \u00e0 nos besoin, en terme de souplesse et de comp\u00e9titivit\u00e9. <\/em><\/p>\n<p><em>Lovauto est notre partenaire sur la location de v\u00e9hicule depuis plus de 15 ans et a toujours su s\u2019adapter \u00e0 nos demandes. <\/em><\/p>\n<\/div><\/div><div class=\"avia-testimonial-meta\"><div class=\"avia-testimonial-arrow-wrap\"><div class=\"avia-arrow\"><\/div><\/div><div class='avia-testimonial-meta-mini'  itemprop=\"author\" itemscope=\"itemscope\" itemtype=\"https:\/\/schema.org\/Person\" ><strong  class='avia-testimonial-name'  itemprop=\"name\" >Patrick H.<\/strong><span  class='avia-testimonial-subtitle '  itemprop=\"jobTitle\" >Chef de d\u2019entreprise.<\/span><\/div><\/div><\/div><\/div><\/section>\n<\/div>\n\n<style type=\"text\/css\" data-created_by=\"avia_inline_auto\" id=\"style-css-av-av_heading-87cea9cab417f970f5076483fb2d50e6\">\n#top .av-special-heading.av-av_heading-87cea9cab417f970f5076483fb2d50e6{\npadding-bottom:10px;\n}\nbody .av-special-heading.av-av_heading-87cea9cab417f970f5076483fb2d50e6 .av-special-heading-tag .heading-char{\nfont-size:25px;\n}\n.av-special-heading.av-av_heading-87cea9cab417f970f5076483fb2d50e6 .av-subheading{\nfont-size:15px;\n}\n<\/style>\n<div  class='av-special-heading av-av_heading-87cea9cab417f970f5076483fb2d50e6 av-special-heading-h5  avia-builder-el-3  el_after_av_testimonials  el_before_av_testimonials '><h5 class='av-special-heading-tag'  itemprop=\"headline\"  >TEMOIGNAGNE CLIENT PARTICULIER<\/h5><div class=\"special-heading-border\"><div class=\"special-heading-inner-border\"><\/div><\/div><\/div>\n<div  class='avia-testimonial-wrapper av-av_testimonials-71301f243ce2eebdeb69c7cb45b763e2 avia-grid-testimonials avia-grid-4-testimonials avia_animate_when_almost_visible' >\n<section class=\"avia-testimonial-row\"><div class='avia-testimonial av-av_testimonial_single-59977637f1a6ce2ce05dee3d82a640e5 avia-testimonial-row-1 avia-first-testimonial flex_column no_margin av_one_fourth'><div class='avia-testimonial_inner'  itemscope=\"itemscope\" itemtype=\"https:\/\/schema.org\/CreativeWork\" ><div class='avia-testimonial-content '><div class='avia-testimonial-markup-entry-content'  itemprop=\"text\" ><p><em><span style=\"color: #ffffff;\">CAS N\u00b01\u00a0<\/span><br \/>\n<span style=\"color: #ff6600;\"><span style=\"color: #ffffff;\">Contexte de location &gt;<\/span> <span style=\"color: #ff9900;\">D\u00e9m\u00e9nagement sur Martigues<\/span><\/span><\/em><\/p>\n<p><em>\u00ab\u00a0J\u2019avais besoin d\u2019un camion de d\u00e9m\u00e9nagement, voire 2. Lovauto m\u2019a demand\u00e9 combien de meubles et de cartons je devais d\u00e9placer et m\u2019a conseill\u00e9e de louer un fourgon 6m<sup>3<\/sup> et un fourgon 20m<sup>3<\/sup> avec hayon. C\u2019\u00e9tait nickel\u00a0! Je les ai r\u00e9cup\u00e9r\u00e9s avec mon mari le samedi matin et rendus le lundi matin. Service cl\u00e9 en main, au top. Ca m\u2019a soulag\u00e9 le week-end\u00a0!\u00a0\u00bb<\/em><\/p>\n<\/div><\/div><div class=\"avia-testimonial-meta\"><div class=\"avia-testimonial-arrow-wrap\"><div class=\"avia-arrow\"><\/div><\/div><div class='avia-testimonial-meta-mini'  itemprop=\"author\" itemscope=\"itemscope\" itemtype=\"https:\/\/schema.org\/Person\" ><strong  class='avia-testimonial-name'  itemprop=\"name\" >Martine V.<\/strong><span  class='avia-testimonial-subtitle '  itemprop=\"jobTitle\" >cliente sur Aix-en-Provence<\/span><\/div><\/div><\/div><\/div>\n<div class='avia-testimonial av-av_testimonial_single-821805dae5884e5a1235bd481c997094 avia-testimonial-row-1 flex_column no_margin av_one_fourth'><div class='avia-testimonial_inner'  itemscope=\"itemscope\" itemtype=\"https:\/\/schema.org\/CreativeWork\" ><div class='avia-testimonial-content '><div class='avia-testimonial-markup-entry-content'  itemprop=\"text\" ><p><em><span style=\"color: #ffffff;\">CAS N\u00b02<\/span><br \/>\n<span style=\"color: #ffffff;\">Contexte de location &gt;<\/span> <span style=\"color: #ff9900;\">S\u00e9jour \u00e0 Avignon.<\/span><\/em><\/p>\n<p><em>\u00ab Je r\u00eavais de marcher sur son c\u00e9l\u00e8bre Pont, j\u2019ai donc r\u00e9serv\u00e9 une chambre d\u2019h\u00f4tel \u00e0 Avignon et j\u2019ai fait appel aux services de Lovauto pour la location de voiture. Mais le mieux, c\u2019est qu\u2019ils m\u2019ont propos\u00e9 de louer une Renault Zo\u00e9 \u00e9lectrique, ce qui m\u2019a d\u2019abord surpris, mais j\u2019ai r\u00e9fl\u00e9chi 2mn et j\u2019ai accept\u00e9 : je me suis \u00e9clat\u00e9 ! J\u2019ai pu faire des \u00e9conomies sur mes trajets dans la ville et alentours, car j\u2019ai aussi visit\u00e9 les communes environnantes. Ce qui m\u2019a permis de g\u00e9rer mon budget tr\u00e8s facilement et de profiter d\u2019autant plus de mon week-end ! Je pense m\u00eame investir dans l\u2019achat d\u2019une Zo\u00e9 \u00e0 mon retour \u00e0 Paris \u2026 Je relouerai chez Lovauto pour mon prochain s\u00e9jour, c\u2019est s\u00fbr. \u00bb <\/em><\/p>\n<\/div><\/div><div class=\"avia-testimonial-meta\"><div class=\"avia-testimonial-arrow-wrap\"><div class=\"avia-arrow\"><\/div><\/div><div class='avia-testimonial-meta-mini'  itemprop=\"author\" itemscope=\"itemscope\" itemtype=\"https:\/\/schema.org\/Person\" ><strong  class='avia-testimonial-name'  itemprop=\"name\" >Marc V.<\/strong><span  class='avia-testimonial-subtitle '  itemprop=\"jobTitle\" >Client sur Paris<\/span><\/div><\/div><\/div><\/div>\n<\/section><\/div>\n","protected":false},"excerpt":{"rendered":"","protected":false},"author":2,"featured_media":0,"parent":0,"menu_order":0,"comment_status":"open","ping_status":"open","template":"","meta":{"footnotes":""},"class_list":["post-153","page","type-page","status-publish","hentry"],"yoast_head":"<!-- This site is optimized with the Yoast SEO plugin v27.3 - https:\/\/yoast.com\/product\/yoast-seo-wordpress\/ -->\n<title>T\u00e9moignages - lovauto<\/title>\n<meta name=\"robots\" content=\"index, follow, max-snippet:-1, max-image-preview:large, max-video-preview:-1\" \/>\n<link rel=\"canonical\" href=\"https:\/\/lovauto.fr\/?page_id=153\" \/>\n<meta property=\"og:locale\" content=\"fr_FR\" \/>\n<meta property=\"og:type\" content=\"article\" \/>\n<meta property=\"og:title\" content=\"T\u00e9moignages - lovauto\" \/>\n<meta property=\"og:url\" content=\"https:\/\/lovauto.fr\/?page_id=153\" \/>\n<meta property=\"og:site_name\" content=\"lovauto\" \/>\n<meta property=\"article:modified_time\" content=\"2014-05-22T09:53:35+00:00\" \/>\n<meta name=\"twitter:label1\" content=\"Dur\u00e9e de lecture estim\u00e9e\" \/>\n\t<meta name=\"twitter:data1\" content=\"6 minutes\" \/>\n<script type=\"application\/ld+json\" class=\"yoast-schema-graph\">{\"@context\":\"https:\\\/\\\/schema.org\",\"@graph\":[{\"@type\":\"WebPage\",\"@id\":\"https:\\\/\\\/lovauto.fr\\\/?page_id=153\",\"url\":\"https:\\\/\\\/lovauto.fr\\\/?page_id=153\",\"name\":\"T\u00e9moignages - lovauto\",\"isPartOf\":{\"@id\":\"https:\\\/\\\/lovauto.fr\\\/#website\"},\"datePublished\":\"2014-05-07T09:13:52+00:00\",\"dateModified\":\"2014-05-22T09:53:35+00:00\",\"breadcrumb\":{\"@id\":\"https:\\\/\\\/lovauto.fr\\\/?page_id=153#breadcrumb\"},\"inLanguage\":\"fr-FR\",\"potentialAction\":[{\"@type\":\"ReadAction\",\"target\":[\"https:\\\/\\\/lovauto.fr\\\/?page_id=153\"]}]},{\"@type\":\"BreadcrumbList\",\"@id\":\"https:\\\/\\\/lovauto.fr\\\/?page_id=153#breadcrumb\",\"itemListElement\":[{\"@type\":\"ListItem\",\"position\":1,\"name\":\"Accueil\",\"item\":\"https:\\\/\\\/lovauto.fr\\\/\"},{\"@type\":\"ListItem\",\"position\":2,\"name\":\"T\u00e9moignages\"}]},{\"@type\":\"WebSite\",\"@id\":\"https:\\\/\\\/lovauto.fr\\\/#website\",\"url\":\"https:\\\/\\\/lovauto.fr\\\/\",\"name\":\"lovauto\",\"description\":\"Location de v\u00e9hicules\",\"potentialAction\":[{\"@type\":\"SearchAction\",\"target\":{\"@type\":\"EntryPoint\",\"urlTemplate\":\"https:\\\/\\\/lovauto.fr\\\/?s={search_term_string}\"},\"query-input\":{\"@type\":\"PropertyValueSpecification\",\"valueRequired\":true,\"valueName\":\"search_term_string\"}}],\"inLanguage\":\"fr-FR\"}]}<\/script>\n<!-- \/ Yoast SEO plugin. -->","yoast_head_json":{"title":"T\u00e9moignages - lovauto","robots":{"index":"index","follow":"follow","max-snippet":"max-snippet:-1","max-image-preview":"max-image-preview:large","max-video-preview":"max-video-preview:-1"},"canonical":"https:\/\/lovauto.fr\/?page_id=153","og_locale":"fr_FR","og_type":"article","og_title":"T\u00e9moignages - lovauto","og_url":"https:\/\/lovauto.fr\/?page_id=153","og_site_name":"lovauto","article_modified_time":"2014-05-22T09:53:35+00:00","twitter_misc":{"Dur\u00e9e de lecture estim\u00e9e":"6 minutes"},"schema":{"@context":"https:\/\/schema.org","@graph":[{"@type":"WebPage","@id":"https:\/\/lovauto.fr\/?page_id=153","url":"https:\/\/lovauto.fr\/?page_id=153","name":"T\u00e9moignages - lovauto","isPartOf":{"@id":"https:\/\/lovauto.fr\/#website"},"datePublished":"2014-05-07T09:13:52+00:00","dateModified":"2014-05-22T09:53:35+00:00","breadcrumb":{"@id":"https:\/\/lovauto.fr\/?page_id=153#breadcrumb"},"inLanguage":"fr-FR","potentialAction":[{"@type":"ReadAction","target":["https:\/\/lovauto.fr\/?page_id=153"]}]},{"@type":"BreadcrumbList","@id":"https:\/\/lovauto.fr\/?page_id=153#breadcrumb","itemListElement":[{"@type":"ListItem","position":1,"name":"Accueil","item":"https:\/\/lovauto.fr\/"},{"@type":"ListItem","position":2,"name":"T\u00e9moignages"}]},{"@type":"WebSite","@id":"https:\/\/lovauto.fr\/#website","url":"https:\/\/lovauto.fr\/","name":"lovauto","description":"Location de v\u00e9hicules","potentialAction":[{"@type":"SearchAction","target":{"@type":"EntryPoint","urlTemplate":"https:\/\/lovauto.fr\/?s={search_term_string}"},"query-input":{"@type":"PropertyValueSpecification","valueRequired":true,"valueName":"search_term_string"}}],"inLanguage":"fr-FR"}]}},"_links":{"self":[{"href":"https:\/\/lovauto.fr\/index.php?rest_route=\/wp\/v2\/pages\/153","targetHints":{"allow":["GET"]}}],"collection":[{"href":"https:\/\/lovauto.fr\/index.php?rest_route=\/wp\/v2\/pages"}],"about":[{"href":"https:\/\/lovauto.fr\/index.php?rest_route=\/wp\/v2\/types\/page"}],"author":[{"embeddable":true,"href":"https:\/\/lovauto.fr\/index.php?rest_route=\/wp\/v2\/users\/2"}],"replies":[{"embeddable":true,"href":"https:\/\/lovauto.fr\/index.php?rest_route=%2Fwp%2Fv2%2Fcomments&post=153"}],"version-history":[{"count":28,"href":"https:\/\/lovauto.fr\/index.php?rest_route=\/wp\/v2\/pages\/153\/revisions"}],"predecessor-version":[{"id":306,"href":"https:\/\/lovauto.fr\/index.php?rest_route=\/wp\/v2\/pages\/153\/revisions\/306"}],"wp:attachment":[{"href":"https:\/\/lovauto.fr\/index.php?rest_route=%2Fwp%2Fv2%2Fmedia&parent=153"}],"curies":[{"name":"wp","href":"https:\/\/api.w.org\/{rel}","templated":true}]}}