{"id":21,"date":"2014-05-05T17:40:00","date_gmt":"2014-05-05T16:40:00","guid":{"rendered":"http:\/\/www.lovauto.fr\/?page_id=21"},"modified":"2017-02-06T10:53:50","modified_gmt":"2017-02-06T09:53:50","slug":"devis-contact","status":"publish","type":"page","link":"https:\/\/lovauto.fr\/?page_id=21","title":{"rendered":"Devis \/ Contact"},"content":{"rendered":"<div id='full_slider_1'  class='avia-fullwidth-slider main_color avia-shadow   avia-builder-el-0  el_before_av_textblock  avia-builder-el-first   container_wrap sidebar_right'  ><div  class='avia-slideshow av-av_slideshow_full-b1540f231e1448ef5bc61cc764d9fe80 avia-slideshow-no scaling av_slideshow_full avia-slide-slider av-slideshow-ui av-control-default av-slideshow-manual av-loop-once av-loop-manual-endless av-default-height-applied   avia-slideshow-1' data-slideshow-options=\"{&quot;animation&quot;:&quot;slide&quot;,&quot;autoplay&quot;:false,&quot;loop_autoplay&quot;:&quot;once&quot;,&quot;interval&quot;:5,&quot;loop_manual&quot;:&quot;manual-endless&quot;,&quot;autoplay_stopper&quot;:false,&quot;noNavigation&quot;:false,&quot;bg_slider&quot;:false,&quot;keep_padding&quot;:false,&quot;hoverpause&quot;:false,&quot;show_slide_delay&quot;:0}\"  itemprop=\"image\" itemscope=\"itemscope\" itemtype=\"https:\/\/schema.org\/ImageObject\" ><ul class='avia-slideshow-inner ' style='padding-bottom: 14.563106796117%;'><li  class='avia-slideshow-slide av-av_slideshow_full-b1540f231e1448ef5bc61cc764d9fe80__0  av-single-slide slide-1 slide-odd'><div data-rel='slideshow-1' class='avia-slide-wrap '   ><img fetchpriority=\"high\" class=\"wp-image-262 avia-img-lazy-loading-not-262\"  src='https:\/\/lovauto.fr\/wp-content\/uploads\/2014\/05\/IMG-PAGE-CONTACT-1030x150.png' width='1030' height='150' title='CONTACT' alt=''  itemprop=\"thumbnailUrl\"   \/><\/div><\/li><\/ul><\/div><\/div><div id='after_full_slider_1'  class='main_color av_default_container_wrap container_wrap sidebar_right'  ><div class='container av-section-cont-open' ><div class='template-page content  av-content-small alpha units'><div class='post-entry post-entry-type-page post-entry-21'><div class='entry-content-wrapper clearfix'>\n<section  class='av_textblock_section av-av_textblock-0366cc7376be6c9e82a3e9cc8987b64f '   itemscope=\"itemscope\" itemtype=\"https:\/\/schema.org\/CreativeWork\" ><div class='avia_textblock'  itemprop=\"text\" ><h6>Merci de remplir le formulaire de contact ci-dessous, et nous vous r\u00e9pondrons dans les plus brefs d\u00e9lais.<\/h6>\n<\/div><\/section>\n<div  class='flex_column av-av_three_fifth-2a9015ff38129c418a3f2eafba3e9512 av_three_fifth  avia-builder-el-2  el_after_av_textblock  el_before_av_two_fifth  first flex_column_div  column-top-margin'     ><p>\n<style type=\"text\/css\" data-created_by=\"avia_inline_auto\" id=\"style-css-av-av_textblock-8e5bdedebac81bcd937ed355ccd26d60\">\n#top .av_textblock_section.av-av_textblock-8e5bdedebac81bcd937ed355ccd26d60 .avia_textblock{\ncolor:#000000;\n}\n<\/style>\n<section  class='av_textblock_section av-av_textblock-8e5bdedebac81bcd937ed355ccd26d60 '   itemscope=\"itemscope\" itemtype=\"https:\/\/schema.org\/CreativeWork\" ><div class='avia_textblock av_inherit_color'  itemprop=\"text\" ><p><code><span style=\"font-family: Arial,Helvetica,sans-serif;\"><div id=\"vfb-form-2\" class=\"visual-form-builder-container\"><form id=\"demande-devis-contact-copy-2\" class=\"visual-form-builder vfb-form-2 \" method=\"post\" enctype=\"multipart\/form-data\">\n\t  \t<input type=\"hidden\" name=\"form_id\" value=\"2\" \/><fieldset class=\"vfb-fieldset vfb-fieldset-1 demande-devis-contact \" id=\"item-vfb-50\"><div class=\"vfb-legend\"><h3>Demande devis \/ Contact<\/h3><\/div><ul class=\"vfb-section vfb-section-1\"><li class=\"vfb-item vfb-item-text   vfb-left-half\" id=\"item-vfb-34\"><label for=\"vfb-34\" class=\"vfb-desc\">Nom  <span class=\"vfb-required-asterisk\">*<\/span><\/label><input type=\"text\" name=\"vfb-34\" id=\"vfb-34\" value=\"\" class=\"vfb-text  vfb-medium  required  \" \/><\/li><li class=\"vfb-item vfb-item-text   vfb-right-half\" id=\"item-vfb-35\"><label for=\"vfb-35\" class=\"vfb-desc\">Pr\u00e9nom  <span class=\"vfb-required-asterisk\">*<\/span><\/label><input type=\"text\" name=\"vfb-35\" id=\"vfb-35\" value=\"\" class=\"vfb-text  vfb-medium  required  \" \/><\/li><li class=\"vfb-item vfb-item-email   vfb-left-half\" id=\"item-vfb-36\"><label for=\"vfb-36\" class=\"vfb-desc\">Email  <span class=\"vfb-required-asterisk\">*<\/span><\/label><input type=\"email\" name=\"vfb-36\" id=\"vfb-36\" value=\"\" class=\"vfb-text  vfb-medium  required  email \" \/><\/li><li class=\"vfb-item vfb-item-text   vfb-right-half\" id=\"item-vfb-37\"><label for=\"vfb-37\" class=\"vfb-desc\">Soci\u00e9t\u00e9 <\/label><input type=\"text\" name=\"vfb-37\" id=\"vfb-37\" value=\"\" class=\"vfb-text  vfb-medium   \" \/><\/li><li class=\"vfb-item vfb-item-textarea  \" id=\"item-vfb-51\"><label for=\"vfb-51\" class=\"vfb-desc\">Adresse <\/label><div><textarea name=\"vfb-51\" id=\"vfb-51\" class=\"vfb-textarea  vfb-small  \"><\/textarea><\/div><\/li><li class=\"vfb-item vfb-item-number   vfb-left-half\" id=\"item-vfb-38\"><label for=\"vfb-38\" class=\"vfb-desc\">Code Postal <\/label><input type=\"text\" name=\"vfb-38\" id=\"vfb-38\" value=\"\" class=\"vfb-text  vfb-medium   digits \" \/><\/li><li class=\"vfb-item vfb-item-text   vfb-right-half\" id=\"item-vfb-39\"><label for=\"vfb-39\" class=\"vfb-desc\">Ville <\/label><input type=\"text\" name=\"vfb-39\" id=\"vfb-39\" value=\"\" class=\"vfb-text  vfb-medium   \" \/><\/li><li class=\"vfb-item vfb-item-phone   vfb-left-half\" id=\"item-vfb-40\"><label for=\"vfb-40\" class=\"vfb-desc\">T\u00e9l\u00e9phone  <span class=\"vfb-required-asterisk\">*<\/span><\/label><input type=\"tel\" name=\"vfb-40\" id=\"vfb-40\" value=\"\" class=\"vfb-text  vfb-medium  required  phone \" \/><\/li><li class=\"vfb-item vfb-item-number   vfb-right-half\" id=\"item-vfb-41\"><label for=\"vfb-41\" class=\"vfb-desc\">Fax <\/label><input type=\"text\" name=\"vfb-41\" id=\"vfb-41\" value=\"\" class=\"vfb-text  vfb-medium   digits \" \/><\/li><li class=\"vfb-item vfb-item-text   vfb-left-half\" id=\"item-vfb-42\"><label for=\"vfb-42\" class=\"vfb-desc\">Type de v\u00e9hicule <\/label><input type=\"text\" name=\"vfb-42\" id=\"vfb-42\" value=\"\" class=\"vfb-text  vfb-medium   \" \/><\/li><li class=\"vfb-item vfb-item-text   vfb-right-half\" id=\"item-vfb-43\"><label for=\"vfb-43\" class=\"vfb-desc\">Dur\u00e9e de location souhait\u00e9e <\/label><input type=\"text\" name=\"vfb-43\" id=\"vfb-43\" value=\"\" class=\"vfb-text  vfb-medium   \" \/><\/li><li class=\"vfb-item vfb-item-date   vfb-left-half\" id=\"item-vfb-44\"><label for=\"vfb-44\" class=\"vfb-desc\">Date de d\u00e9part <\/label><input type=\"text\" name=\"vfb-44\" id=\"vfb-44\" value=\"\" class=\"vfb-text vfb-date-picker  vfb-medium  \" data-dp-dateFormat=\"dd\/mm\/yy\" \/><\/li><li class=\"vfb-item vfb-item-date   vfb-right-half\" id=\"item-vfb-45\"><label for=\"vfb-45\" class=\"vfb-desc\">Date de retour <\/label><input type=\"text\" name=\"vfb-45\" id=\"vfb-45\" value=\"\" class=\"vfb-text vfb-date-picker  vfb-medium  \" data-dp-dateFormat=\"dd\/mm\/yy\" \/><\/li><li class=\"vfb-item vfb-item-text   vfb-left-half\" id=\"item-vfb-46\"><label for=\"vfb-46\" class=\"vfb-desc\">Nombre de km par mois <\/label><input type=\"text\" name=\"vfb-46\" id=\"vfb-46\" value=\"\" class=\"vfb-text  vfb-medium   \" \/><\/li><li class=\"vfb-item vfb-item-select   vfb-right-half\" id=\"item-vfb-47\"><label for=\"vfb-47\" class=\"vfb-desc\">Agence <\/label><select name=\"vfb-47\" id=\"vfb-47\" class=\"vfb-select  vfb-medium  \"><option value=\"Fos-sur-Mer\">Fos-sur-Mer<\/option><option value=\"Martigues\">Martigues<\/option><option value=\"Montpellier\">Montpellier<\/option><option value=\"Bayonne\">Bayonne<\/option><option value=\"Paris\">Paris<\/option><option value=\"Rouen\">Rouen<\/option><option value=\"Toulouse\">Toulouse<\/option><option value=\"Bordeaux\">Bordeaux<\/option><option value=\"Lille\">Lille<\/option><\/select><\/li><li class=\"vfb-item vfb-item-textarea  \" id=\"item-vfb-48\"><label for=\"vfb-48\" class=\"vfb-desc\">Message <\/label><div><textarea name=\"vfb-48\" id=\"vfb-48\" class=\"vfb-textarea  vfb-medium  \"><\/textarea><\/div><\/li><li class=\"vfb-item vfb-item-checkbox  vfb-auto-column \" id=\"item-vfb-49\"><label class=\"vfb-desc\"> <\/label><div><span class=\"vfb-span\"><input type=\"checkbox\" name=\"vfb-49[]\" id=\"vfb-49-0\" value=\"Je ne souhaite pas que mes coordonn\u00e9es soient communiqu\u00e9es \u00e0 des tiers.\" class=\"vfb-checkbox  \" \/><label for=\"vfb-49-0\" class=\"vfb-choice\">Je ne souhaite pas que mes coordonn\u00e9es soient communiqu\u00e9es \u00e0 des tiers.<\/label><\/span><div style=\"clear:both\"><\/div><\/div><\/li><\/ul>&nbsp;<\/fieldset><fieldset class=\"vfb-fieldset vfb-fieldset-2 verification \" id=\"item-vfb-31\" style=\"display:block\"><div class=\"vfb-legend\"><h3>Verification<\/h3><\/div><ul class=\"vfb-section vfb-section-2\"><li class=\"vfb-item vfb-item-secret\"  style=\"display:block\"><label for=\"vfb-32\" class=\"vfb-desc\">Merci de bien vouloir saisir deux nombres au choix sans espaces. Par exemple 12 <span class=\"vfb-required-asterisk\">*<\/span><\/label><input type=\"hidden\" name=\"_vfb-secret\" value=\"vfb-32\" \/><input type=\"text\" name=\"vfb-32\" id=\"vfb-32\" value=\"\" class=\"vfb-text  vfb-medium  required {digits:true,maxlength:2,minlength:2} \" style=\"display:block\" \/><li style=\"display:none;\"><label>This box is for spam protection - &lt;strong&gt;please leave it blank&lt;\/strong&gt;:<\/label><div><input name=\"vfb-spam\" \/><\/div><\/li>\n\t\t\t<li class=\"vfb-item vfb-item-submit\" id=\"item-vfb-33\">\n\t\t\t\t<input type=\"submit\" name=\"vfb-submit\" id=\"vfb-33\" value=\"Envoyer\" class=\"vfb-submit \" \/>\n\t\t\t\t<\/li><\/ul>\n\t\t\t<\/fieldset><input type=\"hidden\" name=\"_wp_http_referer\" value=\"\/index.php?rest_route=%2Fwp%2Fv2%2Fpages%2F21\" \/><\/form><\/div> <!-- .visual-form-builder-container --><\/span><\/code><\/p>\n<\/div><\/section><br \/>\n<section  class='av_textblock_section av-av_textblock-0366cc7376be6c9e82a3e9cc8987b64f '   itemscope=\"itemscope\" itemtype=\"https:\/\/schema.org\/CreativeWork\" ><div class='avia_textblock'  itemprop=\"text\" ><p><code>Conform\u00e9ment \u00e0 la loi Informatique et Libert\u00e9s du 6 janvier 1978, vous disposez d\u2019un droit d\u2019acc\u00e8s et de rectification aux donn\u00e9es personnelles vous concernant. Seule notre soci\u00e9t\u00e9 est destinataire des informations que vous lui communiquez.<\/code><\/p>\n<\/div><\/section><\/p><\/div>\n<style type=\"text\/css\" data-created_by=\"avia_inline_auto\" id=\"style-css-av-av_two_fifth-2a64de42b738552fe666ca889af77e28\">\n.flex_column.av-av_two_fifth-2a64de42b738552fe666ca889af77e28{\nborder-radius:0px 0px 0px 0px;\npadding:0px 0px 0px 0px;\n}\n<\/style>\n<div  class='flex_column av-av_two_fifth-2a64de42b738552fe666ca889af77e28 av_two_fifth  avia-builder-el-5  el_after_av_three_fifth  avia-builder-el-last  flex_column_div av-zero-column-padding  column-top-margin'     ><p>\n<style type=\"text\/css\" data-created_by=\"avia_inline_auto\" id=\"style-css-av-av_heading-79b26851f34bce6bbfee574e5e9b77cc\">\n#top .av-special-heading.av-av_heading-79b26851f34bce6bbfee574e5e9b77cc{\npadding-bottom:10px;\n}\nbody .av-special-heading.av-av_heading-79b26851f34bce6bbfee574e5e9b77cc .av-special-heading-tag .heading-char{\nfont-size:25px;\n}\n.av-special-heading.av-av_heading-79b26851f34bce6bbfee574e5e9b77cc .av-subheading{\nfont-size:15px;\n}\n<\/style>\n<div  class='av-special-heading av-av_heading-79b26851f34bce6bbfee574e5e9b77cc av-special-heading-h5  avia-builder-el-6  el_before_av_google_map  avia-builder-el-no-sibling '><h5 class='av-special-heading-tag'  itemprop=\"headline\"  >Nos Agences<\/h5><div class=\"special-heading-border\"><div class=\"special-heading-inner-border\"><\/div><\/div><\/div><br \/>\n<div  class='av_gmaps_sc_main_wrap av_gmaps_main_wrap '><div id='av_gmap_0' class='avia-google-map-container avia-google-map-sc av_gmaps_show_unconditionally av-no-fallback-img ' data-mapid='av_gmap_0'  style='height: 250px;'><a class=\"av_gmaps_browser_disabled av_text_confirm_link av_text_confirm_link_visible\" href=\"https:\/\/www.google.com\/maps\/search\/?api=1&#038;query=470%20all\u00e9e%20Jean%20Perrin%20-%20ZAC%20de%20Lavalduc%20%20Fos-sur-mer%20%20%20FRANCE\" target=\"_blank\" rel=\"noopener\">Les cartes ont \u00e9t\u00e9 d\u00e9sactiv\u00e9es par le visiteur sur ce site. Cliquer pour ouvrir la carte dans une nouvelle fen\u00eatre.<\/a><\/div><\/div><br \/>\n\n<style type=\"text\/css\" data-created_by=\"avia_inline_auto\" id=\"style-css-av-av_hr-6e46f799f8e1caefd8e0565183a672cf\">\n#top .hr.hr-invisible.av-av_hr-6e46f799f8e1caefd8e0565183a672cf{\nheight:10px;\n}\n<\/style>\n<div  class='hr av-av_hr-6e46f799f8e1caefd8e0565183a672cf hr-invisible  avia-builder-el-8  el_after_av_google_map  el_before_av_image  avia-builder-el-first '><span class='hr-inner '><span class=\"hr-inner-style\"><\/span><\/span><\/div><br \/>\n\n<style type=\"text\/css\" data-created_by=\"avia_inline_auto\" id=\"style-css-av-av_image-82b80d167a9dfacd2739b49b4f81ecd5\">\n.avia-image-container.av-av_image-82b80d167a9dfacd2739b49b4f81ecd5 img.avia_image{\nbox-shadow:none;\n}\n.avia-image-container.av-av_image-82b80d167a9dfacd2739b49b4f81ecd5 .av-image-caption-overlay-center{\ncolor:#ffffff;\n}\n<\/style>\n<div  class='avia-image-container av-av_image-82b80d167a9dfacd2739b49b4f81ecd5 av-styling- avia-align-center  avia-builder-el-9  el_after_av_hr  el_before_av_hr '   itemprop=\"image\" itemscope=\"itemscope\" itemtype=\"https:\/\/schema.org\/ImageObject\" ><div class=\"avia-image-container-inner\"><div class=\"avia-image-overlay-wrap\"><img fetchpriority=\"high\" class='wp-image-1049 avia-img-lazy-loading-not-1049 avia_image ' src='http:\/\/www.lovauto.fr\/wp-content\/uploads\/2014\/06\/face_avant_new_kangoo.png' alt='' title='face_avant_new_kangoo'   itemprop=\"thumbnailUrl\"  \/><\/div><\/div><\/div><br \/>\n\n<style type=\"text\/css\" data-created_by=\"avia_inline_auto\" id=\"style-css-av-av_hr-6e46f799f8e1caefd8e0565183a672cf\">\n#top .hr.hr-invisible.av-av_hr-6e46f799f8e1caefd8e0565183a672cf{\nheight:10px;\n}\n<\/style>\n<div  class='hr av-av_hr-6e46f799f8e1caefd8e0565183a672cf hr-invisible  avia-builder-el-10  el_after_av_image  el_before_av_image '><span class='hr-inner '><span class=\"hr-inner-style\"><\/span><\/span><\/div><br \/>\n\n<style type=\"text\/css\" data-created_by=\"avia_inline_auto\" id=\"style-css-av-av_image-d6331e6cb1901560635da68c59d7a10b\">\n.avia-image-container.av-av_image-d6331e6cb1901560635da68c59d7a10b img.avia_image{\nbox-shadow:none;\n}\n.avia-image-container.av-av_image-d6331e6cb1901560635da68c59d7a10b .av-image-caption-overlay-center{\ncolor:#ffffff;\n}\n<\/style>\n<div  class='avia-image-container av-av_image-d6331e6cb1901560635da68c59d7a10b av-styling- avia-align-center  avia-builder-el-11  el_after_av_hr  el_before_av_hr '   itemprop=\"image\" itemscope=\"itemscope\" itemtype=\"https:\/\/schema.org\/ImageObject\" ><div class=\"avia-image-container-inner\"><div class=\"avia-image-overlay-wrap\"><img fetchpriority=\"high\" class='wp-image-1050 avia-img-lazy-loading-not-1050 avia_image ' src='http:\/\/www.lovauto.fr\/wp-content\/uploads\/2014\/06\/face_avant_new_mercedes_sprinter-300x168.png' alt='' title='face_avant_new_mercedes_sprinter'   itemprop=\"thumbnailUrl\"  \/><\/div><\/div><\/div><br \/>\n\n<style type=\"text\/css\" data-created_by=\"avia_inline_auto\" id=\"style-css-av-av_hr-6e46f799f8e1caefd8e0565183a672cf\">\n#top .hr.hr-invisible.av-av_hr-6e46f799f8e1caefd8e0565183a672cf{\nheight:10px;\n}\n<\/style>\n<div  class='hr av-av_hr-6e46f799f8e1caefd8e0565183a672cf hr-invisible  avia-builder-el-12  el_after_av_image  el_before_av_image '><span class='hr-inner '><span class=\"hr-inner-style\"><\/span><\/span><\/div><br \/>\n\n<style type=\"text\/css\" data-created_by=\"avia_inline_auto\" id=\"style-css-av-av_image-42f5576714a00634e5e9b324fb25cfc0\">\n.avia-image-container.av-av_image-42f5576714a00634e5e9b324fb25cfc0 img.avia_image{\nbox-shadow:none;\n}\n.avia-image-container.av-av_image-42f5576714a00634e5e9b324fb25cfc0 .av-image-caption-overlay-center{\ncolor:#ffffff;\n}\n<\/style>\n<div  class='avia-image-container av-av_image-42f5576714a00634e5e9b324fb25cfc0 av-styling- avia-align-center  avia-builder-el-13  el_after_av_hr  avia-builder-el-last '   itemprop=\"image\" itemscope=\"itemscope\" itemtype=\"https:\/\/schema.org\/ImageObject\" ><div class=\"avia-image-container-inner\"><div class=\"avia-image-overlay-wrap\"><img fetchpriority=\"high\" class='wp-image-1058 avia-img-lazy-loading-not-1058 avia_image ' src='http:\/\/www.lovauto.fr\/wp-content\/uploads\/2014\/05\/face_avant_renault_trafic-300x187.png' alt='' title='face_avant_renault_trafic'   itemprop=\"thumbnailUrl\"  \/><\/div><\/div><\/div><\/p><\/div><\/p>\n","protected":false},"excerpt":{"rendered":"","protected":false},"author":2,"featured_media":0,"parent":0,"menu_order":0,"comment_status":"open","ping_status":"open","template":"","meta":{"footnotes":""},"class_list":["post-21","page","type-page","status-publish","hentry"],"yoast_head":"<!-- This site is optimized with the Yoast SEO plugin v27.3 - https:\/\/yoast.com\/product\/yoast-seo-wordpress\/ -->\n<title>Devis \/ Contact - lovauto<\/title>\n<meta name=\"robots\" content=\"index, follow, max-snippet:-1, max-image-preview:large, max-video-preview:-1\" \/>\n<link rel=\"canonical\" href=\"https:\/\/lovauto.fr\/?page_id=21\" \/>\n<meta property=\"og:locale\" content=\"fr_FR\" \/>\n<meta property=\"og:type\" content=\"article\" \/>\n<meta property=\"og:title\" content=\"Devis \/ Contact - lovauto\" \/>\n<meta property=\"og:url\" content=\"https:\/\/lovauto.fr\/?page_id=21\" \/>\n<meta property=\"og:site_name\" content=\"lovauto\" \/>\n<meta property=\"article:modified_time\" content=\"2017-02-06T09:53:50+00:00\" \/>\n<meta name=\"twitter:label1\" content=\"Dur\u00e9e de lecture estim\u00e9e\" \/>\n\t<meta name=\"twitter:data1\" content=\"3 minutes\" \/>\n<script type=\"application\/ld+json\" class=\"yoast-schema-graph\">{\"@context\":\"https:\\\/\\\/schema.org\",\"@graph\":[{\"@type\":\"WebPage\",\"@id\":\"https:\\\/\\\/lovauto.fr\\\/?page_id=21\",\"url\":\"https:\\\/\\\/lovauto.fr\\\/?page_id=21\",\"name\":\"Devis \\\/ Contact - lovauto\",\"isPartOf\":{\"@id\":\"https:\\\/\\\/lovauto.fr\\\/#website\"},\"datePublished\":\"2014-05-05T16:40:00+00:00\",\"dateModified\":\"2017-02-06T09:53:50+00:00\",\"breadcrumb\":{\"@id\":\"https:\\\/\\\/lovauto.fr\\\/?page_id=21#breadcrumb\"},\"inLanguage\":\"fr-FR\",\"potentialAction\":[{\"@type\":\"ReadAction\",\"target\":[\"https:\\\/\\\/lovauto.fr\\\/?page_id=21\"]}]},{\"@type\":\"BreadcrumbList\",\"@id\":\"https:\\\/\\\/lovauto.fr\\\/?page_id=21#breadcrumb\",\"itemListElement\":[{\"@type\":\"ListItem\",\"position\":1,\"name\":\"Accueil\",\"item\":\"https:\\\/\\\/lovauto.fr\\\/\"},{\"@type\":\"ListItem\",\"position\":2,\"name\":\"Devis \\\/ Contact\"}]},{\"@type\":\"WebSite\",\"@id\":\"https:\\\/\\\/lovauto.fr\\\/#website\",\"url\":\"https:\\\/\\\/lovauto.fr\\\/\",\"name\":\"lovauto\",\"description\":\"Location de v\u00e9hicules\",\"potentialAction\":[{\"@type\":\"SearchAction\",\"target\":{\"@type\":\"EntryPoint\",\"urlTemplate\":\"https:\\\/\\\/lovauto.fr\\\/?s={search_term_string}\"},\"query-input\":{\"@type\":\"PropertyValueSpecification\",\"valueRequired\":true,\"valueName\":\"search_term_string\"}}],\"inLanguage\":\"fr-FR\"}]}<\/script>\n<!-- \/ Yoast SEO plugin. -->","yoast_head_json":{"title":"Devis \/ Contact - lovauto","robots":{"index":"index","follow":"follow","max-snippet":"max-snippet:-1","max-image-preview":"max-image-preview:large","max-video-preview":"max-video-preview:-1"},"canonical":"https:\/\/lovauto.fr\/?page_id=21","og_locale":"fr_FR","og_type":"article","og_title":"Devis \/ Contact - lovauto","og_url":"https:\/\/lovauto.fr\/?page_id=21","og_site_name":"lovauto","article_modified_time":"2017-02-06T09:53:50+00:00","twitter_misc":{"Dur\u00e9e de lecture estim\u00e9e":"3 minutes"},"schema":{"@context":"https:\/\/schema.org","@graph":[{"@type":"WebPage","@id":"https:\/\/lovauto.fr\/?page_id=21","url":"https:\/\/lovauto.fr\/?page_id=21","name":"Devis \/ Contact - lovauto","isPartOf":{"@id":"https:\/\/lovauto.fr\/#website"},"datePublished":"2014-05-05T16:40:00+00:00","dateModified":"2017-02-06T09:53:50+00:00","breadcrumb":{"@id":"https:\/\/lovauto.fr\/?page_id=21#breadcrumb"},"inLanguage":"fr-FR","potentialAction":[{"@type":"ReadAction","target":["https:\/\/lovauto.fr\/?page_id=21"]}]},{"@type":"BreadcrumbList","@id":"https:\/\/lovauto.fr\/?page_id=21#breadcrumb","itemListElement":[{"@type":"ListItem","position":1,"name":"Accueil","item":"https:\/\/lovauto.fr\/"},{"@type":"ListItem","position":2,"name":"Devis \/ Contact"}]},{"@type":"WebSite","@id":"https:\/\/lovauto.fr\/#website","url":"https:\/\/lovauto.fr\/","name":"lovauto","description":"Location de v\u00e9hicules","potentialAction":[{"@type":"SearchAction","target":{"@type":"EntryPoint","urlTemplate":"https:\/\/lovauto.fr\/?s={search_term_string}"},"query-input":{"@type":"PropertyValueSpecification","valueRequired":true,"valueName":"search_term_string"}}],"inLanguage":"fr-FR"}]}},"_links":{"self":[{"href":"https:\/\/lovauto.fr\/index.php?rest_route=\/wp\/v2\/pages\/21","targetHints":{"allow":["GET"]}}],"collection":[{"href":"https:\/\/lovauto.fr\/index.php?rest_route=\/wp\/v2\/pages"}],"about":[{"href":"https:\/\/lovauto.fr\/index.php?rest_route=\/wp\/v2\/types\/page"}],"author":[{"embeddable":true,"href":"https:\/\/lovauto.fr\/index.php?rest_route=\/wp\/v2\/users\/2"}],"replies":[{"embeddable":true,"href":"https:\/\/lovauto.fr\/index.php?rest_route=%2Fwp%2Fv2%2Fcomments&post=21"}],"version-history":[{"count":58,"href":"https:\/\/lovauto.fr\/index.php?rest_route=\/wp\/v2\/pages\/21\/revisions"}],"predecessor-version":[{"id":3447,"href":"https:\/\/lovauto.fr\/index.php?rest_route=\/wp\/v2\/pages\/21\/revisions\/3447"}],"wp:attachment":[{"href":"https:\/\/lovauto.fr\/index.php?rest_route=%2Fwp%2Fv2%2Fmedia&parent=21"}],"curies":[{"name":"wp","href":"https:\/\/api.w.org\/{rel}","templated":true}]}}