{"id":3277,"date":"2016-11-04T10:29:02","date_gmt":"2016-11-04T09:29:02","guid":{"rendered":"http:\/\/www.lovauto.fr\/?page_id=3277"},"modified":"2017-02-06T12:14:36","modified_gmt":"2017-02-06T11:14:36","slug":"prenonsuncafe","status":"publish","type":"page","link":"https:\/\/lovauto.fr\/?page_id=3277","title":{"rendered":"prenonsuncafe"},"content":{"rendered":"<div id='full_slider_1'  class='avia-fullwidth-slider main_color avia-shadow   avia-builder-el-0  el_before_av_textblock  avia-builder-el-first   container_wrap sidebar_right'  ><div  class='avia-slideshow av-av_slideshow_full-7c89eef234b705e7a4d2de62d66c7ebb avia-slideshow-no scaling av_slideshow_full avia-slide-slider av-slideshow-ui av-control-default av-slideshow-manual av-loop-once av-loop-manual-endless av-default-height-applied   avia-slideshow-1' data-slideshow-options=\"{&quot;animation&quot;:&quot;slide&quot;,&quot;autoplay&quot;:false,&quot;loop_autoplay&quot;:&quot;once&quot;,&quot;interval&quot;:5,&quot;loop_manual&quot;:&quot;manual-endless&quot;,&quot;autoplay_stopper&quot;:false,&quot;noNavigation&quot;:false,&quot;bg_slider&quot;:false,&quot;keep_padding&quot;:false,&quot;hoverpause&quot;:false,&quot;show_slide_delay&quot;:0}\"  itemprop=\"image\" itemscope=\"itemscope\" itemtype=\"https:\/\/schema.org\/ImageObject\" ><ul class='avia-slideshow-inner ' style='padding-bottom: 14.563106796117%;'><li  class='avia-slideshow-slide av-av_slideshow_full-7c89eef234b705e7a4d2de62d66c7ebb__0  av-single-slide slide-1 slide-odd'><div data-rel='slideshow-1' class='avia-slide-wrap '   ><img fetchpriority=\"high\" class=\"wp-image-3295 avia-img-lazy-loading-not-3295\"  src='https:\/\/lovauto.fr\/wp-content\/uploads\/2016\/11\/slider-imgcafe3.png' width='1030' height='150' title='slider-imgcafe3' alt=''  itemprop=\"thumbnailUrl\"   \/><\/div><\/li><\/ul><\/div><\/div><div id='after_full_slider_1'  class='main_color av_default_container_wrap container_wrap sidebar_right'  ><div class='container av-section-cont-open' ><div class='template-page content  av-content-small alpha units'><div class='post-entry post-entry-type-page post-entry-3277'><div class='entry-content-wrapper clearfix'>\n<section  class='av_textblock_section av-av_textblock-0366cc7376be6c9e82a3e9cc8987b64f '   itemscope=\"itemscope\" itemtype=\"https:\/\/schema.org\/CreativeWork\" ><div class='avia_textblock'  itemprop=\"text\" ><h2><span style=\"color: #ff9900;\">Professionnels, Commer\u00e7ants, Artisans, Entrepreneurs,<\/span><br \/>\n<span style=\"color: #ff9900;\">Auto entrepreneurs, rencontrons-nous<\/span><\/h2>\n<p>Venez d\u00e9couvrir l\u2019ensemble de nos services qui vous sont r\u00e9serv\u00e9s en location courte et moyenne dur\u00e9e avec et sans engagement.<\/p>\n<\/div><\/section>\n<div  class='flex_column av-av_three_fifth-2a9015ff38129c418a3f2eafba3e9512 av_three_fifth  avia-builder-el-2  el_after_av_textblock  avia-builder-el-last  first flex_column_div  column-top-margin'     ><p><section  class='av_textblock_section av-av_textblock-0366cc7376be6c9e82a3e9cc8987b64f '   itemscope=\"itemscope\" itemtype=\"https:\/\/schema.org\/CreativeWork\" ><div class='avia_textblock'  itemprop=\"text\" ><p>Compl\u00e9tez le formulaire ci-dessous et laissez-vous guider, nous vous contacterons dans les meilleurs d\u00e9lais.<\/p>\n<\/div><\/section><br \/>\n\n<style type=\"text\/css\" data-created_by=\"avia_inline_auto\" id=\"style-css-av-av_textblock-8e5bdedebac81bcd937ed355ccd26d60\">\n#top .av_textblock_section.av-av_textblock-8e5bdedebac81bcd937ed355ccd26d60 .avia_textblock{\ncolor:#000000;\n}\n<\/style>\n<section  class='av_textblock_section av-av_textblock-8e5bdedebac81bcd937ed355ccd26d60 '   itemscope=\"itemscope\" itemtype=\"https:\/\/schema.org\/CreativeWork\" ><div class='avia_textblock av_inherit_color'  itemprop=\"text\" ><p><code><span style=\"font-family: Arial,Helvetica,sans-serif;\"> <div id=\"vfb-form-5\" class=\"visual-form-builder-container\"><form id=\"prenons-un-cafe-5\" class=\"visual-form-builder vfb-form-5 \" method=\"post\" enctype=\"multipart\/form-data\">\n\t  \t<input type=\"hidden\" name=\"form_id\" value=\"5\" \/><fieldset class=\"vfb-fieldset vfb-fieldset-1 formulaire-de-contact-pro \" id=\"item-vfb-110\"><div class=\"vfb-legend\"><h3>Formulaire de Contact Pro<\/h3><\/div><ul class=\"vfb-section vfb-section-1\"><li class=\"vfb-item vfb-item-text   vfb-left-half\" id=\"item-vfb-79\"><label for=\"vfb-79\" class=\"vfb-desc\">Nom  <span class=\"vfb-required-asterisk\">*<\/span><\/label><input type=\"text\" name=\"vfb-79\" id=\"vfb-79\" value=\"\" class=\"vfb-text  vfb-medium  required  \" \/><\/li><li class=\"vfb-item vfb-item-text   vfb-right-half\" id=\"item-vfb-80\"><label for=\"vfb-80\" class=\"vfb-desc\">Pr\u00e9nom  <span class=\"vfb-required-asterisk\">*<\/span><\/label><input type=\"text\" name=\"vfb-80\" id=\"vfb-80\" value=\"\" class=\"vfb-text  vfb-medium  required  \" \/><\/li><li class=\"vfb-item vfb-item-text  \" id=\"item-vfb-82\"><label for=\"vfb-82\" class=\"vfb-desc\">Soci\u00e9t\u00e9  <span class=\"vfb-required-asterisk\">*<\/span><\/label><input type=\"text\" name=\"vfb-82\" id=\"vfb-82\" value=\"\" class=\"vfb-text  vfb-medium  required  \" \/><\/li><li class=\"vfb-item vfb-item-text   vfb-left-half\" id=\"item-vfb-97\"><label for=\"vfb-97\" class=\"vfb-desc\">Fonction  <span class=\"vfb-required-asterisk\">*<\/span><\/label><input type=\"text\" name=\"vfb-97\" id=\"vfb-97\" value=\"\" class=\"vfb-text  vfb-medium  required  \" \/><\/li><li class=\"vfb-item vfb-item-number   vfb-right-half\" id=\"item-vfb-99\"><label for=\"vfb-99\" class=\"vfb-desc\">Effectif <\/label><input type=\"text\" name=\"vfb-99\" id=\"vfb-99\" value=\"\" class=\"vfb-text  vfb-medium   digits \" \/><\/li><li class=\"vfb-item vfb-item-textarea  \" id=\"item-vfb-108\"><label for=\"vfb-108\" class=\"vfb-desc\">Adresse du si\u00e8ge  <span class=\"vfb-required-asterisk\">*<\/span><\/label><div><textarea name=\"vfb-108\" id=\"vfb-108\" class=\"vfb-textarea  vfb-small  required \"><\/textarea><\/div><\/li><li class=\"vfb-item vfb-item-textarea  \" id=\"item-vfb-109\"><label for=\"vfb-109\" class=\"vfb-desc\">Adresse de l&#039;agence <\/label><div><textarea name=\"vfb-109\" id=\"vfb-109\" class=\"vfb-textarea  vfb-small  \"><\/textarea><\/div><\/li><li class=\"vfb-item vfb-item-number   vfb-left-half\" id=\"item-vfb-83\"><label for=\"vfb-83\" class=\"vfb-desc\">Code Postal <\/label><input type=\"text\" name=\"vfb-83\" id=\"vfb-83\" value=\"\" class=\"vfb-text  vfb-medium   digits \" \/><\/li><li class=\"vfb-item vfb-item-text   vfb-right-half\" id=\"item-vfb-84\"><label for=\"vfb-84\" class=\"vfb-desc\">Ville <\/label><input type=\"text\" name=\"vfb-84\" id=\"vfb-84\" value=\"\" class=\"vfb-text  vfb-medium   \" \/><\/li><li class=\"vfb-item vfb-item-phone   vfb-left-half\" id=\"item-vfb-85\"><label for=\"vfb-85\" class=\"vfb-desc\">T\u00e9l\u00e9phone  <span class=\"vfb-required-asterisk\">*<\/span><\/label><input type=\"tel\" name=\"vfb-85\" id=\"vfb-85\" value=\"\" class=\"vfb-text  vfb-medium  required  phone \" \/><\/li><li class=\"vfb-item vfb-item-email   vfb-right-half\" id=\"item-vfb-81\"><label for=\"vfb-81\" class=\"vfb-desc\">Email  <span class=\"vfb-required-asterisk\">*<\/span><\/label><input type=\"email\" name=\"vfb-81\" id=\"vfb-81\" value=\"\" class=\"vfb-text  vfb-medium  required  email \" \/><\/li><li class=\"vfb-item vfb-item-textarea  \" id=\"item-vfb-93\"><label for=\"vfb-93\" class=\"vfb-desc\">Votre message  <span class=\"vfb-required-asterisk\">*<\/span><\/label><div><textarea name=\"vfb-93\" id=\"vfb-93\" class=\"vfb-textarea  vfb-medium  required \"><\/textarea><\/div><\/li><li class=\"vfb-item vfb-item-select  \" id=\"item-vfb-101\"><label for=\"vfb-101\" class=\"vfb-desc\">Vous \u00eates int\u00e9ress\u00e9 par ... <\/label><select name=\"vfb-101\" id=\"vfb-101\" class=\"vfb-select  vfb-medium  \"><option value=\"La location de v\u00e9hicules de tourisme en courte dur\u00e9e\">La location de v\u00e9hicules de tourisme en courte dur\u00e9e<\/option><option value=\"La location de v\u00e9hicules de tourisme en moyenne dur\u00e9e\">La location de v\u00e9hicules de tourisme en moyenne dur\u00e9e<\/option><option value=\"La location de v\u00e9hicules de tourisme en longue dur\u00e9e\">La location de v\u00e9hicules de tourisme en longue dur\u00e9e<\/option><option value=\"La location de v\u00e9hicules utilitaires en courte dur\u00e9e\">La location de v\u00e9hicules utilitaires en courte dur\u00e9e<\/option><option value=\"La location de v\u00e9hicules utilitaires en moyenne dur\u00e9e\">La location de v\u00e9hicules utilitaires en moyenne dur\u00e9e<\/option><option value=\"La location de v\u00e9hicules utilitaires en longue dur\u00e9e\">La location de v\u00e9hicules utilitaires en longue dur\u00e9e<\/option><option value=\"La location de v\u00e9hicules avec engagement\">La location de v\u00e9hicules avec engagement<\/option><option value=\"La location de v\u00e9hicules sans engagement\">La location de v\u00e9hicules sans engagement<\/option><\/select><\/li><li class=\"vfb-item vfb-item-select  \" id=\"item-vfb-111\"><label for=\"vfb-111\" class=\"vfb-desc\">Vous \u00eates d\u00e9j\u00e0 client ? <\/label><select name=\"vfb-111\" id=\"vfb-111\" class=\"vfb-select  vfb-medium  \"><option value=\"Oui\">Oui<\/option><option value=\"Non\">Non<\/option><\/select><\/li><li class=\"vfb-item vfb-item-text  \" id=\"item-vfb-102\"><label for=\"vfb-102\" class=\"vfb-desc\">Vous avez connu LOVAUTO par... <\/label><input type=\"text\" name=\"vfb-102\" id=\"vfb-102\" value=\"\" class=\"vfb-text  vfb-medium   \" \/><\/li><li class=\"vfb-item vfb-item-select  \" id=\"item-vfb-103\"><label for=\"vfb-103\" class=\"vfb-desc\">Je pr\u00e9f\u00e8re le caf\u00e9... <\/label><select name=\"vfb-103\" id=\"vfb-103\" class=\"vfb-select  vfb-medium  \"><option value=\"Court\">Court<\/option><option value=\"Allong\u00e9\">Allong\u00e9<\/option><option value=\"Frapp\u00e9\">Frapp\u00e9<\/option><option value=\"Cappuccino\">Cappuccino<\/option><option value=\"Avec un croissant\">Avec un croissant<\/option><option value=\"Gourmand\">Gourmand<\/option><\/select><\/li><li class=\"vfb-item vfb-item-checkbox  vfb-auto-column \" id=\"item-vfb-94\"><label class=\"vfb-desc\"> <\/label><div><span class=\"vfb-span\"><input type=\"checkbox\" name=\"vfb-94[]\" id=\"vfb-94-0\" value=\"Je ne souhaite pas que mes coordonn\u00e9es soient communiqu\u00e9es \u00e0 des tiers.\" class=\"vfb-checkbox  \" \/><label for=\"vfb-94-0\" class=\"vfb-choice\">Je ne souhaite pas que mes coordonn\u00e9es soient communiqu\u00e9es \u00e0 des tiers.<\/label><\/span><div style=\"clear:both\"><\/div><\/div><\/li><\/ul>&nbsp;<\/fieldset><fieldset class=\"vfb-fieldset vfb-fieldset-2 verification \" id=\"item-vfb-76\" style=\"display:block\"><div class=\"vfb-legend\"><h3>V\u00e9rification<\/h3><\/div><ul class=\"vfb-section vfb-section-2\"><li class=\"vfb-item vfb-item-secret\"  style=\"display:block\"><label for=\"vfb-77\" class=\"vfb-desc\">Merci de bien vouloir saisir deux nombres au choix sans espaces. Par exemple 12 <span class=\"vfb-required-asterisk\">*<\/span><\/label><input type=\"hidden\" name=\"_vfb-secret\" value=\"vfb-77\" \/><input type=\"text\" name=\"vfb-77\" id=\"vfb-77\" value=\"\" class=\"vfb-text  vfb-medium  required {digits:true,maxlength:2,minlength:2} \" style=\"display:block\" \/><li style=\"display:none;\"><label>This box is for spam protection - &lt;strong&gt;please leave it blank&lt;\/strong&gt;:<\/label><div><input name=\"vfb-spam\" \/><\/div><\/li>\n\t\t\t<li class=\"vfb-item vfb-item-submit\" id=\"item-vfb-78\">\n\t\t\t\t<input type=\"submit\" name=\"vfb-submit\" id=\"vfb-78\" value=\"Envoyer\" class=\"vfb-submit \" \/>\n\t\t\t\t<\/li><\/ul>\n\t\t\t<\/fieldset><input type=\"hidden\" name=\"_wp_http_referer\" value=\"\/index.php?rest_route=%2Fwp%2Fv2%2Fpages%2F3277\" \/><\/form><\/div> <!-- .visual-form-builder-container --><\/span><\/code><\/p>\n<\/div><\/section><br \/>\n<section  class='av_textblock_section av-av_textblock-0366cc7376be6c9e82a3e9cc8987b64f '   itemscope=\"itemscope\" itemtype=\"https:\/\/schema.org\/CreativeWork\" ><div class='avia_textblock'  itemprop=\"text\" ><p><span style=\"font-family: Arial,Helvetica,sans-serif;\"><br \/>\n<code>Conform\u00e9ment \u00e0 la loi Informatique et Libert\u00e9s du 6 janvier 1978, vous disposez d\u2019un droit d\u2019acc\u00e8s et de rectification aux donn\u00e9es personnelles vous concernant. Seule notre soci\u00e9t\u00e9 est destinataire des informations que vous lui communiquez.<\/code><\/span><\/p>\n<\/div><\/section><\/p><\/div>\n","protected":false},"excerpt":{"rendered":"","protected":false},"author":2,"featured_media":0,"parent":0,"menu_order":0,"comment_status":"closed","ping_status":"closed","template":"","meta":{"footnotes":""},"class_list":["post-3277","page","type-page","status-publish","hentry"],"yoast_head":"<!-- This site is optimized with the Yoast SEO plugin v27.3 - https:\/\/yoast.com\/product\/yoast-seo-wordpress\/ -->\n<title>prenonsuncafe - lovauto<\/title>\n<meta name=\"robots\" content=\"index, follow, max-snippet:-1, max-image-preview:large, max-video-preview:-1\" \/>\n<link rel=\"canonical\" href=\"https:\/\/lovauto.fr\/?page_id=3277\" \/>\n<meta property=\"og:locale\" content=\"fr_FR\" \/>\n<meta property=\"og:type\" content=\"article\" \/>\n<meta property=\"og:title\" content=\"prenonsuncafe - lovauto\" \/>\n<meta property=\"og:url\" content=\"https:\/\/lovauto.fr\/?page_id=3277\" \/>\n<meta property=\"og:site_name\" content=\"lovauto\" \/>\n<meta property=\"article:modified_time\" content=\"2017-02-06T11:14:36+00:00\" \/>\n<meta name=\"twitter:label1\" content=\"Dur\u00e9e de lecture estim\u00e9e\" \/>\n\t<meta name=\"twitter:data1\" content=\"1 minute\" \/>\n<script type=\"application\/ld+json\" class=\"yoast-schema-graph\">{\"@context\":\"https:\\\/\\\/schema.org\",\"@graph\":[{\"@type\":\"WebPage\",\"@id\":\"https:\\\/\\\/lovauto.fr\\\/?page_id=3277\",\"url\":\"https:\\\/\\\/lovauto.fr\\\/?page_id=3277\",\"name\":\"prenonsuncafe - lovauto\",\"isPartOf\":{\"@id\":\"https:\\\/\\\/lovauto.fr\\\/#website\"},\"datePublished\":\"2016-11-04T09:29:02+00:00\",\"dateModified\":\"2017-02-06T11:14:36+00:00\",\"breadcrumb\":{\"@id\":\"https:\\\/\\\/lovauto.fr\\\/?page_id=3277#breadcrumb\"},\"inLanguage\":\"fr-FR\",\"potentialAction\":[{\"@type\":\"ReadAction\",\"target\":[\"https:\\\/\\\/lovauto.fr\\\/?page_id=3277\"]}]},{\"@type\":\"BreadcrumbList\",\"@id\":\"https:\\\/\\\/lovauto.fr\\\/?page_id=3277#breadcrumb\",\"itemListElement\":[{\"@type\":\"ListItem\",\"position\":1,\"name\":\"Accueil\",\"item\":\"https:\\\/\\\/lovauto.fr\\\/\"},{\"@type\":\"ListItem\",\"position\":2,\"name\":\"prenonsuncafe\"}]},{\"@type\":\"WebSite\",\"@id\":\"https:\\\/\\\/lovauto.fr\\\/#website\",\"url\":\"https:\\\/\\\/lovauto.fr\\\/\",\"name\":\"lovauto\",\"description\":\"Location de v\u00e9hicules\",\"potentialAction\":[{\"@type\":\"SearchAction\",\"target\":{\"@type\":\"EntryPoint\",\"urlTemplate\":\"https:\\\/\\\/lovauto.fr\\\/?s={search_term_string}\"},\"query-input\":{\"@type\":\"PropertyValueSpecification\",\"valueRequired\":true,\"valueName\":\"search_term_string\"}}],\"inLanguage\":\"fr-FR\"}]}<\/script>\n<!-- \/ Yoast SEO plugin. -->","yoast_head_json":{"title":"prenonsuncafe - lovauto","robots":{"index":"index","follow":"follow","max-snippet":"max-snippet:-1","max-image-preview":"max-image-preview:large","max-video-preview":"max-video-preview:-1"},"canonical":"https:\/\/lovauto.fr\/?page_id=3277","og_locale":"fr_FR","og_type":"article","og_title":"prenonsuncafe - lovauto","og_url":"https:\/\/lovauto.fr\/?page_id=3277","og_site_name":"lovauto","article_modified_time":"2017-02-06T11:14:36+00:00","twitter_misc":{"Dur\u00e9e de lecture estim\u00e9e":"1 minute"},"schema":{"@context":"https:\/\/schema.org","@graph":[{"@type":"WebPage","@id":"https:\/\/lovauto.fr\/?page_id=3277","url":"https:\/\/lovauto.fr\/?page_id=3277","name":"prenonsuncafe - lovauto","isPartOf":{"@id":"https:\/\/lovauto.fr\/#website"},"datePublished":"2016-11-04T09:29:02+00:00","dateModified":"2017-02-06T11:14:36+00:00","breadcrumb":{"@id":"https:\/\/lovauto.fr\/?page_id=3277#breadcrumb"},"inLanguage":"fr-FR","potentialAction":[{"@type":"ReadAction","target":["https:\/\/lovauto.fr\/?page_id=3277"]}]},{"@type":"BreadcrumbList","@id":"https:\/\/lovauto.fr\/?page_id=3277#breadcrumb","itemListElement":[{"@type":"ListItem","position":1,"name":"Accueil","item":"https:\/\/lovauto.fr\/"},{"@type":"ListItem","position":2,"name":"prenonsuncafe"}]},{"@type":"WebSite","@id":"https:\/\/lovauto.fr\/#website","url":"https:\/\/lovauto.fr\/","name":"lovauto","description":"Location de v\u00e9hicules","potentialAction":[{"@type":"SearchAction","target":{"@type":"EntryPoint","urlTemplate":"https:\/\/lovauto.fr\/?s={search_term_string}"},"query-input":{"@type":"PropertyValueSpecification","valueRequired":true,"valueName":"search_term_string"}}],"inLanguage":"fr-FR"}]}},"_links":{"self":[{"href":"https:\/\/lovauto.fr\/index.php?rest_route=\/wp\/v2\/pages\/3277","targetHints":{"allow":["GET"]}}],"collection":[{"href":"https:\/\/lovauto.fr\/index.php?rest_route=\/wp\/v2\/pages"}],"about":[{"href":"https:\/\/lovauto.fr\/index.php?rest_route=\/wp\/v2\/types\/page"}],"author":[{"embeddable":true,"href":"https:\/\/lovauto.fr\/index.php?rest_route=\/wp\/v2\/users\/2"}],"replies":[{"embeddable":true,"href":"https:\/\/lovauto.fr\/index.php?rest_route=%2Fwp%2Fv2%2Fcomments&post=3277"}],"version-history":[{"count":21,"href":"https:\/\/lovauto.fr\/index.php?rest_route=\/wp\/v2\/pages\/3277\/revisions"}],"predecessor-version":[{"id":3475,"href":"https:\/\/lovauto.fr\/index.php?rest_route=\/wp\/v2\/pages\/3277\/revisions\/3475"}],"wp:attachment":[{"href":"https:\/\/lovauto.fr\/index.php?rest_route=%2Fwp%2Fv2%2Fmedia&parent=3277"}],"curies":[{"name":"wp","href":"https:\/\/api.w.org\/{rel}","templated":true}]}}