{"id":35,"date":"2014-05-05T17:45:50","date_gmt":"2014-05-05T16:45:50","guid":{"rendered":"http:\/\/www.lovauto.fr\/?page_id=35"},"modified":"2015-06-29T16:00:43","modified_gmt":"2015-06-29T15:00:43","slug":"vehicules-demenagement","status":"publish","type":"page","link":"https:\/\/lovauto.fr\/?page_id=35","title":{"rendered":"V\u00e9hicules d\u00e9m\u00e9nagement"},"content":{"rendered":"\n<style type=\"text\/css\" data-created_by=\"avia_inline_auto\" id=\"style-css-av-av_heading-55b1bf8d04af1aeb294da483d94e46e4\">\n#top .av-special-heading.av-av_heading-55b1bf8d04af1aeb294da483d94e46e4{\npadding-bottom:30px;\n}\nbody .av-special-heading.av-av_heading-55b1bf8d04af1aeb294da483d94e46e4 .av-special-heading-tag .heading-char{\nfont-size:25px;\n}\n.av-special-heading.av-av_heading-55b1bf8d04af1aeb294da483d94e46e4 .av-subheading{\nfont-size:15px;\n}\n<\/style>\n<div  class='av-special-heading av-av_heading-55b1bf8d04af1aeb294da483d94e46e4 av-special-heading-h1  avia-builder-el-0  el_before_av_one_third  avia-builder-el-first '><h1 class='av-special-heading-tag'  itemprop=\"headline\"  >NOS V\u00c9HICULES DE D\u00c9M\u00c9NAGEMENT<\/h1><div class=\"special-heading-border\"><div class=\"special-heading-inner-border\"><\/div><\/div><\/div>\n<div  class='flex_column av-av_one_third-2a9015ff38129c418a3f2eafba3e9512 av_one_third  avia-builder-el-1  el_after_av_heading  el_before_av_two_third  first flex_column_div  '     ><p>\n<style type=\"text\/css\" data-created_by=\"avia_inline_auto\" id=\"style-css-av-av_heading-7b5ff01c40bf3b81539ed392b4f5f122\">\n#top .av-special-heading.av-av_heading-7b5ff01c40bf3b81539ed392b4f5f122{\npadding-bottom:10px;\n}\nbody .av-special-heading.av-av_heading-7b5ff01c40bf3b81539ed392b4f5f122 .av-special-heading-tag .heading-char{\nfont-size:25px;\n}\n.av-special-heading.av-av_heading-7b5ff01c40bf3b81539ed392b4f5f122 .av-subheading{\nfont-size:12px;\n}\n<\/style>\n<div  class='av-special-heading av-av_heading-7b5ff01c40bf3b81539ed392b4f5f122 av-special-heading-h4 blockquote modern-quote  avia-builder-el-2  el_before_av_image  avia-builder-el-first '><h4 class='av-special-heading-tag'  itemprop=\"headline\"  >Fourgon 3M<sup>3<\/sup><\/h4><div class='av-subheading av-subheading_below'><p>RENAULT KANGOO<br \/>\nOU \u00c9QUIVALENT<\/p>\n<\/div><div class=\"special-heading-border\"><div class=\"special-heading-inner-border\"><\/div><\/div><\/div><br \/>\n\n<style type=\"text\/css\" data-created_by=\"avia_inline_auto\" id=\"style-css-av-av_image-2633ddab39685e976a2ea45c34133125\">\n.avia-image-container.av-av_image-2633ddab39685e976a2ea45c34133125 img.avia_image{\nbox-shadow:none;\n}\n.avia-image-container.av-av_image-2633ddab39685e976a2ea45c34133125 .av-image-caption-overlay-center{\ncolor:#ffffff;\n}\n<\/style>\n<div  class='avia-image-container av-av_image-2633ddab39685e976a2ea45c34133125 av-styling- avia-align-center  avia-builder-el-3  el_after_av_heading  avia-builder-el-last '   itemprop=\"image\" itemscope=\"itemscope\" itemtype=\"https:\/\/schema.org\/ImageObject\" ><div class=\"avia-image-container-inner\"><div class=\"avia-image-overlay-wrap\"><img fetchpriority=\"high\" class='wp-image-861 avia-img-lazy-loading-not-861 avia_image ' src='http:\/\/www.lovauto.fr\/wp-content\/uploads\/2014\/05\/renaultKangoo2.png' alt='' title='Renault Kangoo - 3m3'   itemprop=\"thumbnailUrl\"  \/><\/div><\/div><\/div><\/p><\/div>\n<div  class='flex_column av-av_two_third-e8b5fe92f046e7242c54fd1caeab6ce2 av_two_third  avia-builder-el-4  el_after_av_one_third  el_before_av_hr  flex_column_div  '     ><p><section  class='av_textblock_section av-av_textblock-0366cc7376be6c9e82a3e9cc8987b64f '   itemscope=\"itemscope\" itemtype=\"https:\/\/schema.org\/CreativeWork\" ><div class='avia_textblock'  itemprop=\"text\" ><p><strong>\u00c9nergie \u203a<\/strong> Diesel<br \/>\n<strong>Nombre de places \u203a<\/strong> 2<br \/>\n<strong>Bo\u00eete de vitesse \u203a <\/strong>Manuelle<br \/>\n<strong>Climatisation \u203a<\/strong> Oui<\/p>\n<p><strong>Tarif journ\u00e9e \u203a<\/strong> 29,00 \u20ac TTC <em>(100 Kms inclus)<\/em><br \/>\n<strong>Tarif week-end \u203a<\/strong> 110,00 \u20ac TTC <em>(200 Kms inclus)<\/em><br \/>\n<div  class='avia-button-wrap av-av_button-405ef6c721dfd5762fc3627ff49e0dbc-wrap avia-button-left  avia-builder-el-6  avia-builder-el-no-sibling '><a href='http:\/\/www.lovauto.fr\/nos-agences\/'  class='avia-button av-av_button-405ef6c721dfd5762fc3627ff49e0dbc av-link-btn avia-icon_select-no avia-size-small avia-position-left avia-color-theme-color'  ><span class='avia_iconbox_title' >R\u00e9servez en agence<\/span><\/a><\/div><\/p>\n<\/div><\/section><br \/>\n<div  class='avia-button-wrap av-av_button-d3dc0d0e3052ddc6db7abfa86993e52c-wrap avia-button-left  avia-builder-el-7  el_after_av_textblock  avia-builder-el-last '>\n<style type=\"text\/css\" data-created_by=\"avia_inline_auto\" id=\"style-css-av-av_button-d3dc0d0e3052ddc6db7abfa86993e52c\">\n#top #wrap_all .avia-button.av-av_button-d3dc0d0e3052ddc6db7abfa86993e52c{\nbackground-color:#ffffff;\nborder-color:#ffffff;\ncolor:#444444;\ntransition:all 0.4s ease-in-out;\n}\n<\/style>\n<a href='http:\/\/www.lovauto.fr\/devis-contact\/'  class='avia-button av-av_button-d3dc0d0e3052ddc6db7abfa86993e52c av-link-btn avia-icon_select-no avia-size-medium avia-position-left'  ><span class='avia_iconbox_title' >Demandez un devis<\/span><\/a><\/div><\/p><\/div>\n<div  class='hr av-av_hr-d3021aff4e2c88ff75459fd6b3a45a12 hr-default  avia-builder-el-8  el_after_av_two_third  el_before_av_one_third '><span class='hr-inner '><span class=\"hr-inner-style\"><\/span><\/span><\/div>\n<div  class='flex_column av-av_one_third-2a9015ff38129c418a3f2eafba3e9512 av_one_third  avia-builder-el-9  el_after_av_hr  el_before_av_two_third  first flex_column_div  '     ><p>\n<style type=\"text\/css\" data-created_by=\"avia_inline_auto\" id=\"style-css-av-av_heading-cfa4dcc717d0d1440c25e46c2d8440e3\">\n#top .av-special-heading.av-av_heading-cfa4dcc717d0d1440c25e46c2d8440e3{\npadding-bottom:10px;\n}\nbody .av-special-heading.av-av_heading-cfa4dcc717d0d1440c25e46c2d8440e3 .av-special-heading-tag .heading-char{\nfont-size:25px;\n}\n.av-special-heading.av-av_heading-cfa4dcc717d0d1440c25e46c2d8440e3 .av-subheading{\nfont-size:12px;\n}\n<\/style>\n<div  class='av-special-heading av-av_heading-cfa4dcc717d0d1440c25e46c2d8440e3 av-special-heading-h4 blockquote modern-quote  avia-builder-el-10  el_before_av_image  avia-builder-el-first '><h4 class='av-special-heading-tag'  itemprop=\"headline\"  >Fourgon 5M<sup>3<\/sup><\/h4><div class='av-subheading av-subheading_below'><p>RENAULT TRAFIC<br \/>\nOU \u00c9QUIVALENT<\/p>\n<\/div><div class=\"special-heading-border\"><div class=\"special-heading-inner-border\"><\/div><\/div><\/div><br \/>\n\n<style type=\"text\/css\" data-created_by=\"avia_inline_auto\" id=\"style-css-av-av_image-b1175504a58a2264d57a61f78f267099\">\n.avia-image-container.av-av_image-b1175504a58a2264d57a61f78f267099 img.avia_image{\nbox-shadow:none;\n}\n.avia-image-container.av-av_image-b1175504a58a2264d57a61f78f267099 .av-image-caption-overlay-center{\ncolor:#ffffff;\n}\n<\/style>\n<div  class='avia-image-container av-av_image-b1175504a58a2264d57a61f78f267099 av-styling- avia-align-center  avia-builder-el-11  el_after_av_heading  avia-builder-el-last '   itemprop=\"image\" itemscope=\"itemscope\" itemtype=\"https:\/\/schema.org\/ImageObject\" ><div class=\"avia-image-container-inner\"><div class=\"avia-image-overlay-wrap\"><img fetchpriority=\"high\" class='wp-image-983 avia-img-lazy-loading-not-983 avia_image ' src='http:\/\/www.lovauto.fr\/wp-content\/uploads\/2014\/05\/Renault-trafic-8m3.png' alt='' title='Renault-trafic-8m3'   itemprop=\"thumbnailUrl\"  \/><\/div><\/div><\/div><\/p><\/div>\n<div  class='flex_column av-av_two_third-e8b5fe92f046e7242c54fd1caeab6ce2 av_two_third  avia-builder-el-12  el_after_av_one_third  el_before_av_hr  flex_column_div  '     ><p><section  class='av_textblock_section av-av_textblock-0366cc7376be6c9e82a3e9cc8987b64f '   itemscope=\"itemscope\" itemtype=\"https:\/\/schema.org\/CreativeWork\" ><div class='avia_textblock'  itemprop=\"text\" ><p><strong>\u00c9nergie \u203a<\/strong> Diesel<br \/>\n<strong>Nombre de places \u203a<\/strong> 3<br \/>\n<strong>Bo\u00eete de vitesse \u203a <\/strong>Manuelle<br \/>\n<strong>Climatisation \u203a<\/strong> Oui<\/p>\n<p><strong>Tarif journ\u00e9e \u203a<\/strong> 58,00 \u20ac TTC <em>(100 Kms inclus)<\/em><br \/>\n<strong>Tarif week-end \u203a<\/strong> 150,00 \u20ac TTC <em>(200 Kms inclus)<\/em><br \/>\n<div  class='avia-button-wrap av-av_button-405ef6c721dfd5762fc3627ff49e0dbc-wrap avia-button-left  avia-builder-el-14  avia-builder-el-no-sibling '><a href='http:\/\/www.lovauto.fr\/nos-agences\/'  class='avia-button av-av_button-405ef6c721dfd5762fc3627ff49e0dbc av-link-btn avia-icon_select-no avia-size-small avia-position-left avia-color-theme-color'  ><span class='avia_iconbox_title' >R\u00e9servez en agence<\/span><\/a><\/div><\/p>\n<\/div><\/section><br \/>\n<div  class='avia-button-wrap av-av_button-d3dc0d0e3052ddc6db7abfa86993e52c-wrap avia-button-left  avia-builder-el-15  el_after_av_textblock  avia-builder-el-last '>\n<style type=\"text\/css\" data-created_by=\"avia_inline_auto\" id=\"style-css-av-av_button-d3dc0d0e3052ddc6db7abfa86993e52c\">\n#top #wrap_all .avia-button.av-av_button-d3dc0d0e3052ddc6db7abfa86993e52c{\nbackground-color:#ffffff;\nborder-color:#ffffff;\ncolor:#444444;\ntransition:all 0.4s ease-in-out;\n}\n<\/style>\n<a href='http:\/\/www.lovauto.fr\/devis-contact\/'  class='avia-button av-av_button-d3dc0d0e3052ddc6db7abfa86993e52c av-link-btn avia-icon_select-no avia-size-medium avia-position-left'  ><span class='avia_iconbox_title' >Demandez un devis<\/span><\/a><\/div><\/p><\/div><div  class='hr av-av_hr-d3021aff4e2c88ff75459fd6b3a45a12 hr-default  avia-builder-el-16  el_after_av_two_third  el_before_av_one_third '><span class='hr-inner '><span class=\"hr-inner-style\"><\/span><\/span><\/div><\/p>\n<div  class='flex_column av-av_one_third-2a9015ff38129c418a3f2eafba3e9512 av_one_third  avia-builder-el-17  el_after_av_hr  el_before_av_two_third  first flex_column_div  '     ><p>\n<style type=\"text\/css\" data-created_by=\"avia_inline_auto\" id=\"style-css-av-av_heading-91083cd230b51812efce632b0691de93\">\n#top .av-special-heading.av-av_heading-91083cd230b51812efce632b0691de93{\npadding-bottom:10px;\n}\nbody .av-special-heading.av-av_heading-91083cd230b51812efce632b0691de93 .av-special-heading-tag .heading-char{\nfont-size:25px;\n}\n.av-special-heading.av-av_heading-91083cd230b51812efce632b0691de93 .av-subheading{\nfont-size:12px;\n}\n<\/style>\n<div  class='av-special-heading av-av_heading-91083cd230b51812efce632b0691de93 av-special-heading-h4 blockquote modern-quote  avia-builder-el-18  el_before_av_image  avia-builder-el-first '><h4 class='av-special-heading-tag'  itemprop=\"headline\"  >Fourgon 10M<sup>3<\/sup><\/h4><div class='av-subheading av-subheading_below'><p>MERCEDES SPRINTER<br \/>\nOU \u00c9QUIVALENT<\/p>\n<\/div><div class=\"special-heading-border\"><div class=\"special-heading-inner-border\"><\/div><\/div><\/div><br \/>\n\n<style type=\"text\/css\" data-created_by=\"avia_inline_auto\" id=\"style-css-av-av_image-c63b63bc0443bea44badce61c3266c20\">\n.avia-image-container.av-av_image-c63b63bc0443bea44badce61c3266c20 img.avia_image{\nbox-shadow:none;\n}\n.avia-image-container.av-av_image-c63b63bc0443bea44badce61c3266c20 .av-image-caption-overlay-center{\ncolor:#ffffff;\n}\n<\/style>\n<div  class='avia-image-container av-av_image-c63b63bc0443bea44badce61c3266c20 av-styling- avia-align-center  avia-builder-el-19  el_after_av_heading  avia-builder-el-last '   itemprop=\"image\" itemscope=\"itemscope\" itemtype=\"https:\/\/schema.org\/ImageObject\" ><div class=\"avia-image-container-inner\"><div class=\"avia-image-overlay-wrap\"><img fetchpriority=\"high\" class='wp-image-988 avia-img-lazy-loading-not-988 avia_image ' src='http:\/\/www.lovauto.fr\/wp-content\/uploads\/2014\/05\/Mercedes-Sprinter-10m3.png' alt='' title='Mercedes-Sprinter-10m3'   itemprop=\"thumbnailUrl\"  \/><\/div><\/div><\/div><\/p><\/div>\n<div  class='flex_column av-av_two_third-e8b5fe92f046e7242c54fd1caeab6ce2 av_two_third  avia-builder-el-20  el_after_av_one_third  el_before_av_hr  flex_column_div  '     ><p><section  class='av_textblock_section av-av_textblock-0366cc7376be6c9e82a3e9cc8987b64f '   itemscope=\"itemscope\" itemtype=\"https:\/\/schema.org\/CreativeWork\" ><div class='avia_textblock'  itemprop=\"text\" ><p><strong>\u00c9nergie \u203a<\/strong> Diesel<br \/>\n<strong>Nombre de places \u203a<\/strong> 3<br \/>\n<strong>Bo\u00eete de vitesse \u203a <\/strong>Manuelle<br \/>\n<strong>Climatisation \u203a<\/strong> Oui<\/p>\n<p><strong>Tarif journ\u00e9e \u203a<\/strong> 67,00 \u20ac TTC <em>(100 Kms inclus)<\/em><br \/>\n<strong>Tarif week-end \u203a<\/strong> 174,00 \u20ac TTC <em>(200 Kms inclus)<\/em><br \/>\n<div  class='avia-button-wrap av-av_button-405ef6c721dfd5762fc3627ff49e0dbc-wrap avia-button-left  avia-builder-el-22  avia-builder-el-no-sibling '><a href='http:\/\/www.lovauto.fr\/nos-agences\/'  class='avia-button av-av_button-405ef6c721dfd5762fc3627ff49e0dbc av-link-btn avia-icon_select-no avia-size-small avia-position-left avia-color-theme-color'  ><span class='avia_iconbox_title' >R\u00e9servez en agence<\/span><\/a><\/div><\/p>\n<\/div><\/section><br \/>\n<div  class='avia-button-wrap av-av_button-d3dc0d0e3052ddc6db7abfa86993e52c-wrap avia-button-left  avia-builder-el-23  el_after_av_textblock  avia-builder-el-last '>\n<style type=\"text\/css\" data-created_by=\"avia_inline_auto\" id=\"style-css-av-av_button-d3dc0d0e3052ddc6db7abfa86993e52c\">\n#top #wrap_all .avia-button.av-av_button-d3dc0d0e3052ddc6db7abfa86993e52c{\nbackground-color:#ffffff;\nborder-color:#ffffff;\ncolor:#444444;\ntransition:all 0.4s ease-in-out;\n}\n<\/style>\n<a href='http:\/\/www.lovauto.fr\/devis-contact\/'  class='avia-button av-av_button-d3dc0d0e3052ddc6db7abfa86993e52c av-link-btn avia-icon_select-no avia-size-medium avia-position-left'  ><span class='avia_iconbox_title' >Demandez un devis<\/span><\/a><\/div><\/p><\/div><div  class='hr av-av_hr-d3021aff4e2c88ff75459fd6b3a45a12 hr-default  avia-builder-el-24  el_after_av_two_third  el_before_av_one_third '><span class='hr-inner '><span class=\"hr-inner-style\"><\/span><\/span><\/div><\/p>\n<div  class='flex_column av-av_one_third-2a9015ff38129c418a3f2eafba3e9512 av_one_third  avia-builder-el-25  el_after_av_hr  el_before_av_two_third  first flex_column_div  '     ><p>\n<style type=\"text\/css\" data-created_by=\"avia_inline_auto\" id=\"style-css-av-av_heading-2b7b7bfef1978239908f03bfc9ade85a\">\n#top .av-special-heading.av-av_heading-2b7b7bfef1978239908f03bfc9ade85a{\npadding-bottom:10px;\n}\nbody .av-special-heading.av-av_heading-2b7b7bfef1978239908f03bfc9ade85a .av-special-heading-tag .heading-char{\nfont-size:25px;\n}\n.av-special-heading.av-av_heading-2b7b7bfef1978239908f03bfc9ade85a .av-subheading{\nfont-size:12px;\n}\n<\/style>\n<div  class='av-special-heading av-av_heading-2b7b7bfef1978239908f03bfc9ade85a av-special-heading-h4 blockquote modern-quote  avia-builder-el-26  el_before_av_image  avia-builder-el-first '><h4 class='av-special-heading-tag'  itemprop=\"headline\"  >Fourgon 20M<sup>3<\/sup><br \/>\navec hayon<\/h4><div class='av-subheading av-subheading_below'><p>RENAULT MASTER<br \/>\nOU \u00c9QUIVALENT<\/p>\n<\/div><div class=\"special-heading-border\"><div class=\"special-heading-inner-border\"><\/div><\/div><\/div><br \/>\n\n<style type=\"text\/css\" data-created_by=\"avia_inline_auto\" id=\"style-css-av-av_image-e6ad17fe75e72ffe026579afc8e686c5\">\n.avia-image-container.av-av_image-e6ad17fe75e72ffe026579afc8e686c5 img.avia_image{\nbox-shadow:none;\n}\n.avia-image-container.av-av_image-e6ad17fe75e72ffe026579afc8e686c5 .av-image-caption-overlay-center{\ncolor:#ffffff;\n}\n<\/style>\n<div  class='avia-image-container av-av_image-e6ad17fe75e72ffe026579afc8e686c5 av-styling- avia-align-center  avia-builder-el-27  el_after_av_heading  avia-builder-el-last '   itemprop=\"image\" itemscope=\"itemscope\" itemtype=\"https:\/\/schema.org\/ImageObject\" ><div class=\"avia-image-container-inner\"><div class=\"avia-image-overlay-wrap\"><img fetchpriority=\"high\" class='wp-image-665 avia-img-lazy-loading-not-665 avia_image ' src='http:\/\/www.lovauto.fr\/wp-content\/uploads\/2014\/05\/20m3.png' alt='' title=''   itemprop=\"thumbnailUrl\"  \/><\/div><\/div><\/div><\/p><\/div>\n<div  class='flex_column av-av_two_third-e8b5fe92f046e7242c54fd1caeab6ce2 av_two_third  avia-builder-el-28  el_after_av_one_third  avia-builder-el-last  flex_column_div  '     ><p><section  class='av_textblock_section av-av_textblock-0366cc7376be6c9e82a3e9cc8987b64f '   itemscope=\"itemscope\" itemtype=\"https:\/\/schema.org\/CreativeWork\" ><div class='avia_textblock'  itemprop=\"text\" ><p><strong>\u00c9nergie \u203a<\/strong> Diesel<br \/>\n<strong>Nombre de places \u203a<\/strong> 3<br \/>\n<strong>Bo\u00eete de vitesse \u203a <\/strong>Manuelle<br \/>\n<strong>Climatisation \u203a<\/strong> Oui<\/p>\n<p><strong>Tarif journ\u00e9e \u203a<\/strong> 95,00 \u20ac TTC <em>(100 Kms inclus)<\/em><br \/>\n<strong>Tarif week-end \u203a<\/strong> 268,00 \u20ac TTC <em>(200 Kms inclus)<\/em><br \/>\n<div  class='avia-button-wrap av-av_button-405ef6c721dfd5762fc3627ff49e0dbc-wrap avia-button-left  avia-builder-el-30  avia-builder-el-no-sibling '><a href='http:\/\/www.lovauto.fr\/nos-agences\/'  class='avia-button av-av_button-405ef6c721dfd5762fc3627ff49e0dbc av-link-btn avia-icon_select-no avia-size-small avia-position-left avia-color-theme-color'  ><span class='avia_iconbox_title' >R\u00e9servez en agence<\/span><\/a><\/div><\/p>\n<\/div><\/section><br \/>\n<div  class='avia-button-wrap av-av_button-d3dc0d0e3052ddc6db7abfa86993e52c-wrap avia-button-left  avia-builder-el-31  el_after_av_textblock  avia-builder-el-last '>\n<style type=\"text\/css\" data-created_by=\"avia_inline_auto\" id=\"style-css-av-av_button-d3dc0d0e3052ddc6db7abfa86993e52c\">\n#top #wrap_all .avia-button.av-av_button-d3dc0d0e3052ddc6db7abfa86993e52c{\nbackground-color:#ffffff;\nborder-color:#ffffff;\ncolor:#444444;\ntransition:all 0.4s ease-in-out;\n}\n<\/style>\n<a href='http:\/\/www.lovauto.fr\/devis-contact\/'  class='avia-button av-av_button-d3dc0d0e3052ddc6db7abfa86993e52c av-link-btn avia-icon_select-no avia-size-medium avia-position-left'  ><span class='avia_iconbox_title' >Demandez un devis<\/span><\/a><\/div><\/p><\/div>\n","protected":false},"excerpt":{"rendered":"","protected":false},"author":2,"featured_media":0,"parent":13,"menu_order":4,"comment_status":"closed","ping_status":"closed","template":"","meta":{"footnotes":""},"class_list":["post-35","page","type-page","status-publish","hentry"],"yoast_head":"<!-- This site is optimized with the Yoast SEO plugin v27.3 - https:\/\/yoast.com\/product\/yoast-seo-wordpress\/ -->\n<title>v\u00e9hicules d\u00e9m\u00e9nagement<\/title>\n<meta name=\"description\" content=\"v\u00e9hicules d\u00e9m\u00e9nagement Lovauto - D\u00e9m\u00e9nagez sans vous ruiner et en toute s\u00e9r\u00e9nit\u00e9 avec Lovauto ! Le sp\u00e9cialiste de la location v\u00e9hicules d\u00e9m\u00e9nagement.\" \/>\n<meta name=\"robots\" content=\"index, follow, max-snippet:-1, max-image-preview:large, max-video-preview:-1\" \/>\n<link rel=\"canonical\" href=\"https:\/\/lovauto.fr\/?page_id=35\" \/>\n<meta property=\"og:locale\" content=\"fr_FR\" \/>\n<meta property=\"og:type\" content=\"article\" \/>\n<meta property=\"og:title\" content=\"v\u00e9hicules d\u00e9m\u00e9nagement\" \/>\n<meta property=\"og:description\" content=\"v\u00e9hicules d\u00e9m\u00e9nagement Lovauto - D\u00e9m\u00e9nagez sans vous ruiner et en toute s\u00e9r\u00e9nit\u00e9 avec Lovauto ! Le sp\u00e9cialiste de la location v\u00e9hicules d\u00e9m\u00e9nagement.\" \/>\n<meta property=\"og:url\" content=\"https:\/\/lovauto.fr\/?page_id=35\" \/>\n<meta property=\"og:site_name\" content=\"lovauto\" \/>\n<meta property=\"article:modified_time\" content=\"2015-06-29T15:00:43+00:00\" \/>\n<meta name=\"twitter:label1\" content=\"Dur\u00e9e de lecture estim\u00e9e\" \/>\n\t<meta name=\"twitter:data1\" content=\"4 minutes\" \/>\n<script type=\"application\/ld+json\" class=\"yoast-schema-graph\">{\"@context\":\"https:\\\/\\\/schema.org\",\"@graph\":[{\"@type\":\"WebPage\",\"@id\":\"https:\\\/\\\/lovauto.fr\\\/?page_id=35\",\"url\":\"https:\\\/\\\/lovauto.fr\\\/?page_id=35\",\"name\":\"v\u00e9hicules d\u00e9m\u00e9nagement\",\"isPartOf\":{\"@id\":\"https:\\\/\\\/lovauto.fr\\\/#website\"},\"datePublished\":\"2014-05-05T16:45:50+00:00\",\"dateModified\":\"2015-06-29T15:00:43+00:00\",\"description\":\"v\u00e9hicules d\u00e9m\u00e9nagement Lovauto - D\u00e9m\u00e9nagez sans vous ruiner et en toute s\u00e9r\u00e9nit\u00e9 avec Lovauto ! Le sp\u00e9cialiste de la location v\u00e9hicules d\u00e9m\u00e9nagement.\",\"breadcrumb\":{\"@id\":\"https:\\\/\\\/lovauto.fr\\\/?page_id=35#breadcrumb\"},\"inLanguage\":\"fr-FR\",\"potentialAction\":[{\"@type\":\"ReadAction\",\"target\":[\"https:\\\/\\\/lovauto.fr\\\/?page_id=35\"]}]},{\"@type\":\"BreadcrumbList\",\"@id\":\"https:\\\/\\\/lovauto.fr\\\/?page_id=35#breadcrumb\",\"itemListElement\":[{\"@type\":\"ListItem\",\"position\":1,\"name\":\"Accueil\",\"item\":\"https:\\\/\\\/lovauto.fr\\\/\"},{\"@type\":\"ListItem\",\"position\":2,\"name\":\"Nos v\u00e9hicules\",\"item\":\"https:\\\/\\\/lovauto.fr\\\/?page_id=13\"},{\"@type\":\"ListItem\",\"position\":3,\"name\":\"V\u00e9hicules d\u00e9m\u00e9nagement\"}]},{\"@type\":\"WebSite\",\"@id\":\"https:\\\/\\\/lovauto.fr\\\/#website\",\"url\":\"https:\\\/\\\/lovauto.fr\\\/\",\"name\":\"lovauto\",\"description\":\"Location de v\u00e9hicules\",\"potentialAction\":[{\"@type\":\"SearchAction\",\"target\":{\"@type\":\"EntryPoint\",\"urlTemplate\":\"https:\\\/\\\/lovauto.fr\\\/?s={search_term_string}\"},\"query-input\":{\"@type\":\"PropertyValueSpecification\",\"valueRequired\":true,\"valueName\":\"search_term_string\"}}],\"inLanguage\":\"fr-FR\"}]}<\/script>\n<!-- \/ Yoast SEO plugin. -->","yoast_head_json":{"title":"v\u00e9hicules d\u00e9m\u00e9nagement","description":"v\u00e9hicules d\u00e9m\u00e9nagement Lovauto - D\u00e9m\u00e9nagez sans vous ruiner et en toute s\u00e9r\u00e9nit\u00e9 avec Lovauto ! Le sp\u00e9cialiste de la location v\u00e9hicules d\u00e9m\u00e9nagement.","robots":{"index":"index","follow":"follow","max-snippet":"max-snippet:-1","max-image-preview":"max-image-preview:large","max-video-preview":"max-video-preview:-1"},"canonical":"https:\/\/lovauto.fr\/?page_id=35","og_locale":"fr_FR","og_type":"article","og_title":"v\u00e9hicules d\u00e9m\u00e9nagement","og_description":"v\u00e9hicules d\u00e9m\u00e9nagement Lovauto - D\u00e9m\u00e9nagez sans vous ruiner et en toute s\u00e9r\u00e9nit\u00e9 avec Lovauto ! Le sp\u00e9cialiste de la location v\u00e9hicules d\u00e9m\u00e9nagement.","og_url":"https:\/\/lovauto.fr\/?page_id=35","og_site_name":"lovauto","article_modified_time":"2015-06-29T15:00:43+00:00","twitter_misc":{"Dur\u00e9e de lecture estim\u00e9e":"4 minutes"},"schema":{"@context":"https:\/\/schema.org","@graph":[{"@type":"WebPage","@id":"https:\/\/lovauto.fr\/?page_id=35","url":"https:\/\/lovauto.fr\/?page_id=35","name":"v\u00e9hicules d\u00e9m\u00e9nagement","isPartOf":{"@id":"https:\/\/lovauto.fr\/#website"},"datePublished":"2014-05-05T16:45:50+00:00","dateModified":"2015-06-29T15:00:43+00:00","description":"v\u00e9hicules d\u00e9m\u00e9nagement Lovauto - D\u00e9m\u00e9nagez sans vous ruiner et en toute s\u00e9r\u00e9nit\u00e9 avec Lovauto ! Le sp\u00e9cialiste de la location v\u00e9hicules d\u00e9m\u00e9nagement.","breadcrumb":{"@id":"https:\/\/lovauto.fr\/?page_id=35#breadcrumb"},"inLanguage":"fr-FR","potentialAction":[{"@type":"ReadAction","target":["https:\/\/lovauto.fr\/?page_id=35"]}]},{"@type":"BreadcrumbList","@id":"https:\/\/lovauto.fr\/?page_id=35#breadcrumb","itemListElement":[{"@type":"ListItem","position":1,"name":"Accueil","item":"https:\/\/lovauto.fr\/"},{"@type":"ListItem","position":2,"name":"Nos v\u00e9hicules","item":"https:\/\/lovauto.fr\/?page_id=13"},{"@type":"ListItem","position":3,"name":"V\u00e9hicules d\u00e9m\u00e9nagement"}]},{"@type":"WebSite","@id":"https:\/\/lovauto.fr\/#website","url":"https:\/\/lovauto.fr\/","name":"lovauto","description":"Location de v\u00e9hicules","potentialAction":[{"@type":"SearchAction","target":{"@type":"EntryPoint","urlTemplate":"https:\/\/lovauto.fr\/?s={search_term_string}"},"query-input":{"@type":"PropertyValueSpecification","valueRequired":true,"valueName":"search_term_string"}}],"inLanguage":"fr-FR"}]}},"_links":{"self":[{"href":"https:\/\/lovauto.fr\/index.php?rest_route=\/wp\/v2\/pages\/35","targetHints":{"allow":["GET"]}}],"collection":[{"href":"https:\/\/lovauto.fr\/index.php?rest_route=\/wp\/v2\/pages"}],"about":[{"href":"https:\/\/lovauto.fr\/index.php?rest_route=\/wp\/v2\/types\/page"}],"author":[{"embeddable":true,"href":"https:\/\/lovauto.fr\/index.php?rest_route=\/wp\/v2\/users\/2"}],"replies":[{"embeddable":true,"href":"https:\/\/lovauto.fr\/index.php?rest_route=%2Fwp%2Fv2%2Fcomments&post=35"}],"version-history":[{"count":35,"href":"https:\/\/lovauto.fr\/index.php?rest_route=\/wp\/v2\/pages\/35\/revisions"}],"predecessor-version":[{"id":3199,"href":"https:\/\/lovauto.fr\/index.php?rest_route=\/wp\/v2\/pages\/35\/revisions\/3199"}],"up":[{"embeddable":true,"href":"https:\/\/lovauto.fr\/index.php?rest_route=\/wp\/v2\/pages\/13"}],"wp:attachment":[{"href":"https:\/\/lovauto.fr\/index.php?rest_route=%2Fwp%2Fv2%2Fmedia&parent=35"}],"curies":[{"name":"wp","href":"https:\/\/api.w.org\/{rel}","templated":true}]}}