{"id":442,"date":"2014-05-22T10:48:24","date_gmt":"2014-05-22T09:48:24","guid":{"rendered":"http:\/\/www.lovauto.fr\/?page_id=442"},"modified":"2014-06-06T14:10:30","modified_gmt":"2014-06-06T13:10:30","slug":"nos-clients-particuliers","status":"publish","type":"page","link":"https:\/\/lovauto.fr\/?page_id=442","title":{"rendered":"Nos clients particuliers"},"content":{"rendered":"<div id='full_slider_1'  class='avia-fullwidth-slider main_color avia-shadow   avia-builder-el-0  el_before_av_heading  avia-builder-el-first   container_wrap sidebar_right'  ><div  class='avia-slideshow av-av_slideshow_full-b1540f231e1448ef5bc61cc764d9fe80 avia-slideshow-no scaling av_slideshow_full avia-slide-slider av-slideshow-ui av-control-default av-slideshow-manual av-loop-once av-loop-manual-endless av-default-height-applied   avia-slideshow-1' data-slideshow-options=\"{&quot;animation&quot;:&quot;slide&quot;,&quot;autoplay&quot;:false,&quot;loop_autoplay&quot;:&quot;once&quot;,&quot;interval&quot;:5,&quot;loop_manual&quot;:&quot;manual-endless&quot;,&quot;autoplay_stopper&quot;:false,&quot;noNavigation&quot;:false,&quot;bg_slider&quot;:false,&quot;keep_padding&quot;:false,&quot;hoverpause&quot;:false,&quot;show_slide_delay&quot;:0}\"  itemprop=\"image\" itemscope=\"itemscope\" itemtype=\"https:\/\/schema.org\/ImageObject\" ><ul class='avia-slideshow-inner ' style='padding-bottom: 14.563106796117%;'><li  class='avia-slideshow-slide av-av_slideshow_full-b1540f231e1448ef5bc61cc764d9fe80__0  av-single-slide slide-1 slide-odd'><div data-rel='slideshow-1' class='avia-slide-wrap '   ><img fetchpriority=\"high\" class=\"wp-image-281 avia-img-lazy-loading-not-281\"  src='https:\/\/lovauto.fr\/wp-content\/uploads\/2014\/05\/IMG-PAGE-temoignage-1030x150.png' width='1030' height='150' title='IMG-PAGE-temoignage-1030x150' alt=''  itemprop=\"thumbnailUrl\"   \/><\/div><\/li><\/ul><\/div><\/div><div id='after_full_slider_1'  class='main_color av_default_container_wrap container_wrap sidebar_right'  ><div class='container av-section-cont-open' ><div class='template-page content  av-content-small alpha units'><div class='post-entry post-entry-type-page post-entry-442'><div class='entry-content-wrapper clearfix'>\n\n<style type=\"text\/css\" data-created_by=\"avia_inline_auto\" id=\"style-css-av-av_heading-5178337b10ddc39a46297cf89df5b5ce\">\n#top .av-special-heading.av-av_heading-5178337b10ddc39a46297cf89df5b5ce{\npadding-bottom:40px;\n}\nbody .av-special-heading.av-av_heading-5178337b10ddc39a46297cf89df5b5ce .av-special-heading-tag .heading-char{\nfont-size:25px;\n}\n.av-special-heading.av-av_heading-5178337b10ddc39a46297cf89df5b5ce .av-subheading{\nfont-size:15px;\n}\n<\/style>\n<div  class='av-special-heading av-av_heading-5178337b10ddc39a46297cf89df5b5ce av-special-heading-h1 blockquote modern-quote  avia-builder-el-1  el_after_av_slideshow_full  el_before_av_one_third  avia-builder-el-first '><h1 class='av-special-heading-tag'  itemprop=\"headline\"  >Nos clients particuliers parlent de LOVAUTO<\/h1><div class=\"special-heading-border\"><div class=\"special-heading-inner-border\"><\/div><\/div><\/div>\n<div  class='flex_column av-av_one_third-2a9015ff38129c418a3f2eafba3e9512 av_one_third  avia-builder-el-2  el_after_av_heading  el_before_av_two_third  first flex_column_div  '     ><section  class='av_textblock_section av-av_textblock-5423793a0e82d2455362b4eba580b48d '   itemscope=\"itemscope\" itemtype=\"https:\/\/schema.org\/CreativeWork\" ><div class='avia_textblock'  itemprop=\"text\" ><p><img loading=\"lazy\" decoding=\"async\" class=\"aligncenter wp-image-833 size-square\" src=\"http:\/\/www.lovauto.fr\/wp-content\/uploads\/2014\/05\/demenagement-180x180.png\" alt=\"demenagement\" width=\"180\" height=\"180\" srcset=\"https:\/\/lovauto.fr\/wp-content\/uploads\/2014\/05\/demenagement-180x180.png 180w, https:\/\/lovauto.fr\/wp-content\/uploads\/2014\/05\/demenagement-80x80.png 80w, https:\/\/lovauto.fr\/wp-content\/uploads\/2014\/05\/demenagement-36x36.png 36w, https:\/\/lovauto.fr\/wp-content\/uploads\/2014\/05\/demenagement-120x120.png 120w\" sizes=\"auto, (max-width: 180px) 100vw, 180px\" \/><\/p>\n<\/div><\/section><\/div><div  class='flex_column av-av_two_third-e8b5fe92f046e7242c54fd1caeab6ce2 av_two_third  avia-builder-el-4  el_after_av_one_third  el_before_av_hr  flex_column_div  '     ><section  class='av_textblock_section av-av_textblock-5423793a0e82d2455362b4eba580b48d '   itemscope=\"itemscope\" itemtype=\"https:\/\/schema.org\/CreativeWork\" ><div class='avia_textblock'  itemprop=\"text\" ><p><strong>T\u00e9moignage de Martine V. Cliente sur Aix-en-Provence<\/strong><\/p>\n<p>Contexte de location &gt; D\u00e9m\u00e9nagement sur Martigues<\/p>\n<p><em>\u00ab J\u2019avais besoin d\u2019un camion de d\u00e9m\u00e9nagement, voire 2. Lovauto m\u2019a demand\u00e9 combien de meubles et de cartons je devais d\u00e9placer et m\u2019a conseill\u00e9e de louer un fourgon 6m3 et un fourgon 20m3 avec hayon.<\/em><br \/>\n<em> C\u2019\u00e9tait nickel ! Je les ai r\u00e9cup\u00e9r\u00e9s avec mon mari le samedi matin et rendus le lundi matin. Service cl\u00e9 en main, au top. Ca m\u2019a soulag\u00e9 le week-end ! \u00bb<\/em><\/p>\n<\/div><\/section><\/div><\/p>\n<div  class='hr av-av_hr-d3021aff4e2c88ff75459fd6b3a45a12 hr-default  avia-builder-el-6  el_after_av_two_third  el_before_av_one_third '><span class='hr-inner '><span class=\"hr-inner-style\"><\/span><\/span><\/div>\n<div  class='flex_column av-av_one_third-2a9015ff38129c418a3f2eafba3e9512 av_one_third  avia-builder-el-7  el_after_av_hr  el_before_av_two_third  first flex_column_div  '     ><section  class='av_textblock_section av-av_textblock-5423793a0e82d2455362b4eba580b48d '   itemscope=\"itemscope\" itemtype=\"https:\/\/schema.org\/CreativeWork\" ><div class='avia_textblock'  itemprop=\"text\" ><p><img loading=\"lazy\" decoding=\"async\" class=\"aligncenter wp-image-836 size-square\" src=\"http:\/\/www.lovauto.fr\/wp-content\/uploads\/2014\/05\/avignon-180x180.png\" alt=\"avignon\" width=\"180\" height=\"180\" srcset=\"https:\/\/lovauto.fr\/wp-content\/uploads\/2014\/05\/avignon-180x180.png 180w, https:\/\/lovauto.fr\/wp-content\/uploads\/2014\/05\/avignon-80x80.png 80w, https:\/\/lovauto.fr\/wp-content\/uploads\/2014\/05\/avignon-36x36.png 36w, https:\/\/lovauto.fr\/wp-content\/uploads\/2014\/05\/avignon-120x120.png 120w\" sizes=\"auto, (max-width: 180px) 100vw, 180px\" \/><\/p>\n<\/div><\/section><\/div><div  class='flex_column av-av_two_third-e8b5fe92f046e7242c54fd1caeab6ce2 av_two_third  avia-builder-el-9  el_after_av_one_third  el_before_av_hr  flex_column_div  '     ><section  class='av_textblock_section av-av_textblock-5423793a0e82d2455362b4eba580b48d '   itemscope=\"itemscope\" itemtype=\"https:\/\/schema.org\/CreativeWork\" ><div class='avia_textblock'  itemprop=\"text\" ><p><strong>T\u00e9moignage de Marc V. Client sur Paris<\/strong><\/p>\n<p>Contexte de location &gt;\u00a0S\u00e9jour \u00e0 Avignon<\/p>\n<p><em><em>\u00ab Je r\u00eavais de marcher sur son c\u00e9l\u00e8bre Pont, j\u2019ai donc r\u00e9serv\u00e9 une chambre d\u2019h\u00f4tel \u00e0 Avignon et j\u2019ai fait appel aux services de Lovauto pour la location de voiture. Mais le mieux, c\u2019est qu\u2019ils m\u2019ont propos\u00e9\u00a0\u00a0 de louer une Renault Zo\u00e9 \u00e9lectrique, ce qui m\u2019a d\u2019abord surpris, mais j\u2019ai r\u00e9fl\u00e9chi 2mn et j\u2019ai accept\u00e9 : je me suis \u00e9clat\u00e9 ! J\u2019ai pu faire des \u00e9conomies sur mes trajets dans la ville et alentours, car j\u2019ai aussi visit\u00e9 les communes environnantes. Ce qui m\u2019a permis de g\u00e9rer mon budget tr\u00e8s facilement<br \/>\net de profiter d\u2019autant plus de mon week-end ! Je pense m\u00eame investir dans l\u2019achat d\u2019une Zo\u00e9 \u00e0 mon retour \u00e0 Paris \u2026<br \/>\nJe relouerai chez Lovauto pour mon prochain s\u00e9jour, c\u2019est s\u00fbr. \u00bb\u00a0<\/em><\/em><\/p>\n<\/div><\/section><\/div><\/p>\n<div  class='hr av-av_hr-d3021aff4e2c88ff75459fd6b3a45a12 hr-default  avia-builder-el-11  el_after_av_two_third  el_before_av_textblock '><span class='hr-inner '><span class=\"hr-inner-style\"><\/span><\/span><\/div>\n<section  class='av_textblock_section av-av_textblock-5423793a0e82d2455362b4eba580b48d '   itemscope=\"itemscope\" itemtype=\"https:\/\/schema.org\/CreativeWork\" ><div class='avia_textblock'  itemprop=\"text\" ><h5 style=\"text-align: center;\">Faites-nous part de vos exp\u00e9riences !<\/h5>\n<\/div><\/section>\n<div  class='avia-button-wrap av-av_button-085f83290c5d9156a9a29a72db4f74c8-wrap avia-button-center  avia-builder-el-13  el_after_av_textblock  avia-builder-el-last '><a href='https:\/\/lovauto.fr\/?page_id=21'  class='avia-button av-av_button-085f83290c5d9156a9a29a72db4f74c8 av-link-btn avia-icon_select-no avia-size-medium avia-position-center avia-color-theme-color'  ><span class='avia_iconbox_title' >Contactez-nous ici <\/span><\/a><\/div>\n","protected":false},"excerpt":{"rendered":"","protected":false},"author":2,"featured_media":0,"parent":153,"menu_order":0,"comment_status":"open","ping_status":"open","template":"","meta":{"footnotes":""},"class_list":["post-442","page","type-page","status-publish","hentry"],"yoast_head":"<!-- This site is optimized with the Yoast SEO plugin v27.3 - https:\/\/yoast.com\/product\/yoast-seo-wordpress\/ -->\n<title>Nos clients particuliers - lovauto<\/title>\n<meta name=\"robots\" content=\"index, follow, max-snippet:-1, max-image-preview:large, max-video-preview:-1\" \/>\n<link rel=\"canonical\" href=\"https:\/\/lovauto.fr\/?page_id=442\" \/>\n<meta property=\"og:locale\" content=\"fr_FR\" \/>\n<meta property=\"og:type\" content=\"article\" \/>\n<meta property=\"og:title\" content=\"Nos clients particuliers - lovauto\" \/>\n<meta property=\"og:url\" content=\"https:\/\/lovauto.fr\/?page_id=442\" \/>\n<meta property=\"og:site_name\" content=\"lovauto\" \/>\n<meta property=\"article:modified_time\" content=\"2014-06-06T13:10:30+00:00\" \/>\n<meta property=\"og:image\" content=\"http:\/\/www.lovauto.fr\/wp-content\/uploads\/2014\/05\/demenagement-180x180.png\" \/>\n<meta name=\"twitter:label1\" content=\"Dur\u00e9e de lecture estim\u00e9e\" \/>\n\t<meta name=\"twitter:data1\" content=\"2 minutes\" \/>\n<script type=\"application\/ld+json\" class=\"yoast-schema-graph\">{\"@context\":\"https:\\\/\\\/schema.org\",\"@graph\":[{\"@type\":\"WebPage\",\"@id\":\"https:\\\/\\\/lovauto.fr\\\/?page_id=442\",\"url\":\"https:\\\/\\\/lovauto.fr\\\/?page_id=442\",\"name\":\"Nos clients particuliers - lovauto\",\"isPartOf\":{\"@id\":\"https:\\\/\\\/lovauto.fr\\\/#website\"},\"primaryImageOfPage\":{\"@id\":\"https:\\\/\\\/lovauto.fr\\\/?page_id=442#primaryimage\"},\"image\":{\"@id\":\"https:\\\/\\\/lovauto.fr\\\/?page_id=442#primaryimage\"},\"thumbnailUrl\":\"http:\\\/\\\/www.lovauto.fr\\\/wp-content\\\/uploads\\\/2014\\\/05\\\/demenagement-180x180.png\",\"datePublished\":\"2014-05-22T09:48:24+00:00\",\"dateModified\":\"2014-06-06T13:10:30+00:00\",\"breadcrumb\":{\"@id\":\"https:\\\/\\\/lovauto.fr\\\/?page_id=442#breadcrumb\"},\"inLanguage\":\"fr-FR\",\"potentialAction\":[{\"@type\":\"ReadAction\",\"target\":[\"https:\\\/\\\/lovauto.fr\\\/?page_id=442\"]}]},{\"@type\":\"ImageObject\",\"inLanguage\":\"fr-FR\",\"@id\":\"https:\\\/\\\/lovauto.fr\\\/?page_id=442#primaryimage\",\"url\":\"http:\\\/\\\/www.lovauto.fr\\\/wp-content\\\/uploads\\\/2014\\\/05\\\/demenagement-180x180.png\",\"contentUrl\":\"http:\\\/\\\/www.lovauto.fr\\\/wp-content\\\/uploads\\\/2014\\\/05\\\/demenagement-180x180.png\"},{\"@type\":\"BreadcrumbList\",\"@id\":\"https:\\\/\\\/lovauto.fr\\\/?page_id=442#breadcrumb\",\"itemListElement\":[{\"@type\":\"ListItem\",\"position\":1,\"name\":\"Accueil\",\"item\":\"https:\\\/\\\/lovauto.fr\\\/\"},{\"@type\":\"ListItem\",\"position\":2,\"name\":\"T\u00e9moignages\",\"item\":\"https:\\\/\\\/lovauto.fr\\\/?page_id=153\"},{\"@type\":\"ListItem\",\"position\":3,\"name\":\"Nos clients particuliers\"}]},{\"@type\":\"WebSite\",\"@id\":\"https:\\\/\\\/lovauto.fr\\\/#website\",\"url\":\"https:\\\/\\\/lovauto.fr\\\/\",\"name\":\"lovauto\",\"description\":\"Location de v\u00e9hicules\",\"potentialAction\":[{\"@type\":\"SearchAction\",\"target\":{\"@type\":\"EntryPoint\",\"urlTemplate\":\"https:\\\/\\\/lovauto.fr\\\/?s={search_term_string}\"},\"query-input\":{\"@type\":\"PropertyValueSpecification\",\"valueRequired\":true,\"valueName\":\"search_term_string\"}}],\"inLanguage\":\"fr-FR\"}]}<\/script>\n<!-- \/ Yoast SEO plugin. -->","yoast_head_json":{"title":"Nos clients particuliers - lovauto","robots":{"index":"index","follow":"follow","max-snippet":"max-snippet:-1","max-image-preview":"max-image-preview:large","max-video-preview":"max-video-preview:-1"},"canonical":"https:\/\/lovauto.fr\/?page_id=442","og_locale":"fr_FR","og_type":"article","og_title":"Nos clients particuliers - lovauto","og_url":"https:\/\/lovauto.fr\/?page_id=442","og_site_name":"lovauto","article_modified_time":"2014-06-06T13:10:30+00:00","og_image":[{"url":"http:\/\/www.lovauto.fr\/wp-content\/uploads\/2014\/05\/demenagement-180x180.png","type":"","width":"","height":""}],"twitter_misc":{"Dur\u00e9e de lecture estim\u00e9e":"2 minutes"},"schema":{"@context":"https:\/\/schema.org","@graph":[{"@type":"WebPage","@id":"https:\/\/lovauto.fr\/?page_id=442","url":"https:\/\/lovauto.fr\/?page_id=442","name":"Nos clients particuliers - lovauto","isPartOf":{"@id":"https:\/\/lovauto.fr\/#website"},"primaryImageOfPage":{"@id":"https:\/\/lovauto.fr\/?page_id=442#primaryimage"},"image":{"@id":"https:\/\/lovauto.fr\/?page_id=442#primaryimage"},"thumbnailUrl":"http:\/\/www.lovauto.fr\/wp-content\/uploads\/2014\/05\/demenagement-180x180.png","datePublished":"2014-05-22T09:48:24+00:00","dateModified":"2014-06-06T13:10:30+00:00","breadcrumb":{"@id":"https:\/\/lovauto.fr\/?page_id=442#breadcrumb"},"inLanguage":"fr-FR","potentialAction":[{"@type":"ReadAction","target":["https:\/\/lovauto.fr\/?page_id=442"]}]},{"@type":"ImageObject","inLanguage":"fr-FR","@id":"https:\/\/lovauto.fr\/?page_id=442#primaryimage","url":"http:\/\/www.lovauto.fr\/wp-content\/uploads\/2014\/05\/demenagement-180x180.png","contentUrl":"http:\/\/www.lovauto.fr\/wp-content\/uploads\/2014\/05\/demenagement-180x180.png"},{"@type":"BreadcrumbList","@id":"https:\/\/lovauto.fr\/?page_id=442#breadcrumb","itemListElement":[{"@type":"ListItem","position":1,"name":"Accueil","item":"https:\/\/lovauto.fr\/"},{"@type":"ListItem","position":2,"name":"T\u00e9moignages","item":"https:\/\/lovauto.fr\/?page_id=153"},{"@type":"ListItem","position":3,"name":"Nos clients particuliers"}]},{"@type":"WebSite","@id":"https:\/\/lovauto.fr\/#website","url":"https:\/\/lovauto.fr\/","name":"lovauto","description":"Location de v\u00e9hicules","potentialAction":[{"@type":"SearchAction","target":{"@type":"EntryPoint","urlTemplate":"https:\/\/lovauto.fr\/?s={search_term_string}"},"query-input":{"@type":"PropertyValueSpecification","valueRequired":true,"valueName":"search_term_string"}}],"inLanguage":"fr-FR"}]}},"_links":{"self":[{"href":"https:\/\/lovauto.fr\/index.php?rest_route=\/wp\/v2\/pages\/442","targetHints":{"allow":["GET"]}}],"collection":[{"href":"https:\/\/lovauto.fr\/index.php?rest_route=\/wp\/v2\/pages"}],"about":[{"href":"https:\/\/lovauto.fr\/index.php?rest_route=\/wp\/v2\/types\/page"}],"author":[{"embeddable":true,"href":"https:\/\/lovauto.fr\/index.php?rest_route=\/wp\/v2\/users\/2"}],"replies":[{"embeddable":true,"href":"https:\/\/lovauto.fr\/index.php?rest_route=%2Fwp%2Fv2%2Fcomments&post=442"}],"version-history":[{"count":32,"href":"https:\/\/lovauto.fr\/index.php?rest_route=\/wp\/v2\/pages\/442\/revisions"}],"predecessor-version":[{"id":931,"href":"https:\/\/lovauto.fr\/index.php?rest_route=\/wp\/v2\/pages\/442\/revisions\/931"}],"up":[{"embeddable":true,"href":"https:\/\/lovauto.fr\/index.php?rest_route=\/wp\/v2\/pages\/153"}],"wp:attachment":[{"href":"https:\/\/lovauto.fr\/index.php?rest_route=%2Fwp%2Fv2%2Fmedia&parent=442"}],"curies":[{"name":"wp","href":"https:\/\/api.w.org\/{rel}","templated":true}]}}